{"id":23923,"date":"2024-07-01T18:50:29","date_gmt":"2024-07-01T18:50:29","guid":{"rendered":"https:\/\/scutellawines.ch\/?post_type=product&#038;p=23923"},"modified":"2025-11-25T14:59:27","modified_gmt":"2025-11-25T14:59:27","slug":"hollick-sparkling-merlot-3","status":"publish","type":"product","link":"https:\/\/scutellawines.ch\/fr\/product\/hollick-sparkling-merlot-2020\/","title":{"rendered":"Hollick Sparkling Merlot 2020 Vintage"},"content":{"rendered":"","protected":false},"excerpt":{"rendered":"<p>Ce vin est \u00e9labor\u00e9 \u00e0 partir de raisins de merlot 100% provenant du vignoble Hollick Coonawarra. \u00c9labor\u00e9 par Hollick depuis 1992, il confirme sa r\u00e9putation de vin de f\u00eate.<\/p>\n<p>Le mill\u00e9sime 2020 \u00e0 Coonawarra peut \u00eatre caract\u00e9ris\u00e9 par de petites quantit\u00e9s de fruits de grande qualit\u00e9. Les rendements ont \u00e9t\u00e9 nettement inf\u00e9rieurs en raison des conditions fra\u00eeches qui ont affect\u00e9 la floraison et la nouaison. Cependant, les fruits r\u00e9colt\u00e9s \u00e9taient d'une qualit\u00e9 exceptionnelle. Les petites baies ont permis d'obtenir un rapport peau\/jus \u00e9lev\u00e9, ce qui a donn\u00e9 des vins rouges avec une grande concentration de fruits et des tanins doux et velout\u00e9s.<\/p>\n<p>Les fruits pour le 2020 Sparkling Merlot ont \u00e9t\u00e9 cueillis, broy\u00e9s et ont ensuite ferment\u00e9 sur les peaux pendant huit jours dans des cuves en acier inoxydable. La seconde fermentation par les levures, qui fait passer le vin de tranquille \u00e0 p\u00e9tillant, a produit une perle fine et persistante, fra\u00eeche et fruit\u00e9e. Un petit ajout de porto mill\u00e9sim\u00e9 au dosage compl\u00e8te une finale velout\u00e9e et persistante.<\/p>","protected":false},"featured_media":22089,"template":"","meta":[],"product_brand":[],"product_cat":[188],"product_tag":[235],"class_list":{"0":"post-23923","1":"product","2":"type-product","3":"status-publish","4":"has-post-thumbnail","6":"product_cat-sparkling-merlot","7":"product_tag-2020-merlot","9":"first","10":"instock","11":"shipping-taxable","12":"purchasable","13":"product-type-simple"},"aioseo_notices":[],"_links":{"self":[{"href":"https:\/\/scutellawines.ch\/fr\/wp-json\/wp\/v2\/product\/23923","targetHints":{"allow":["GET"]}}],"collection":[{"href":"https:\/\/scutellawines.ch\/fr\/wp-json\/wp\/v2\/product"}],"about":[{"href":"https:\/\/scutellawines.ch\/fr\/wp-json\/wp\/v2\/types\/product"}],"wp:featuredmedia":[{"embeddable":true,"href":"https:\/\/scutellawines.ch\/fr\/wp-json\/wp\/v2\/media\/22089"}],"wp:attachment":[{"href":"https:\/\/scutellawines.ch\/fr\/wp-json\/wp\/v2\/media?parent=23923"}],"wp:term":[{"taxonomy":"product_brand","embeddable":true,"href":"https:\/\/scutellawines.ch\/fr\/wp-json\/wp\/v2\/product_brand?post=23923"},{"taxonomy":"product_cat","embeddable":true,"href":"https:\/\/scutellawines.ch\/fr\/wp-json\/wp\/v2\/product_cat?post=23923"},{"taxonomy":"product_tag","embeddable":true,"href":"https:\/\/scutellawines.ch\/fr\/wp-json\/wp\/v2\/product_tag?post=23923"}],"curies":[{"name":"wp","href":"https:\/\/api.w.org\/{rel}","templated":true}]}}