{"id":23211,"date":"2023-09-03T11:17:29","date_gmt":"2023-09-03T11:17:29","guid":{"rendered":"https:\/\/scutellawines.ch\/?post_type=product&#038;p=23211"},"modified":"2024-02-14T03:31:08","modified_gmt":"2024-02-14T03:31:08","slug":"offre-groupee-a-prix-reduit","status":"publish","type":"product","link":"https:\/\/scutellawines.ch\/fr\/product\/discount-bundle\/","title":{"rendered":"Offre group\u00e9e de r\u00e9duction"},"content":{"rendered":"","protected":false},"excerpt":{"rendered":"<p>Nous vous pr\u00e9sentons notre ensemble de d\u00e9part de vins rouges p\u00e9tillants australiens, une collection de six vins rouges p\u00e9tillants exceptionnels provenant de l'Australie. Cet ensemble met en valeur les saveurs vibrantes et uniques qui ont fait la renomm\u00e9e des vins rouges mousseux australiens dans le monde entier. Que vous soyez un amateur de vin chevronn\u00e9 ou que vous d\u00e9couvriez le monde des vins rouges p\u00e9tillants, ce lot de d\u00e9part est une excellente occasion d'explorer la diversit\u00e9 et la qualit\u00e9 de la production vinicole australienne.<\/p>\n<p>Vive les moments inoubliables et la joie des vins d'exception !<\/p>","protected":false},"featured_media":23796,"template":"","meta":[],"product_brand":[],"product_cat":[233],"product_tag":[224],"class_list":{"0":"post-23211","1":"product","2":"type-product","3":"status-publish","4":"has-post-thumbnail","6":"product_cat-bundle","7":"product_tag-wine-bundle","9":"first","10":"outofstock","11":"sale","12":"shipping-taxable","13":"purchasable","14":"product-type-woosb"},"aioseo_notices":[],"_links":{"self":[{"href":"https:\/\/scutellawines.ch\/fr\/wp-json\/wp\/v2\/product\/23211","targetHints":{"allow":["GET"]}}],"collection":[{"href":"https:\/\/scutellawines.ch\/fr\/wp-json\/wp\/v2\/product"}],"about":[{"href":"https:\/\/scutellawines.ch\/fr\/wp-json\/wp\/v2\/types\/product"}],"wp:featuredmedia":[{"embeddable":true,"href":"https:\/\/scutellawines.ch\/fr\/wp-json\/wp\/v2\/media\/23796"}],"wp:attachment":[{"href":"https:\/\/scutellawines.ch\/fr\/wp-json\/wp\/v2\/media?parent=23211"}],"wp:term":[{"taxonomy":"product_brand","embeddable":true,"href":"https:\/\/scutellawines.ch\/fr\/wp-json\/wp\/v2\/product_brand?post=23211"},{"taxonomy":"product_cat","embeddable":true,"href":"https:\/\/scutellawines.ch\/fr\/wp-json\/wp\/v2\/product_cat?post=23211"},{"taxonomy":"product_tag","embeddable":true,"href":"https:\/\/scutellawines.ch\/fr\/wp-json\/wp\/v2\/product_tag?post=23211"}],"curies":[{"name":"wp","href":"https:\/\/api.w.org\/{rel}","templated":true}]}}