{"id":21987,"date":"2023-03-11T07:59:58","date_gmt":"2023-03-11T07:59:58","guid":{"rendered":"https:\/\/scutellawines.ch\/?post_type=product&#038;p=21987"},"modified":"2026-03-19T13:39:02","modified_gmt":"2026-03-19T13:39:02","slug":"eight-at-the-gate-sparkling-shiraz","status":"publish","type":"product","link":"https:\/\/scutellawines.ch\/fr\/product\/eight-at-the-gate-sparkling-shiraz\/","title":{"rendered":"Eight at the Gate Sparkling Shiraz"},"content":{"rendered":"<p><img fetchpriority=\"high\" decoding=\"async\" class=\"alignnone size-medium wp-image-21989\" src=\"http:\/\/scutellawines.ch\/wp-content\/uploads\/2023\/03\/Sparkling-Shiraz-NV-EATG-Bottle-shot_2000x2000px-4-e1678521689321-300x300.png\" alt=\"\" width=\"300\" height=\"300\" srcset=\"https:\/\/scutellawines.ch\/wp-content\/uploads\/2023\/03\/Sparkling-Shiraz-NV-EATG-Bottle-shot_2000x2000px-4-e1678521689321-300x300.png 300w, https:\/\/scutellawines.ch\/wp-content\/uploads\/2023\/03\/Sparkling-Shiraz-NV-EATG-Bottle-shot_2000x2000px-4-e1678521689321-1024x1024.png 1024w, https:\/\/scutellawines.ch\/wp-content\/uploads\/2023\/03\/Sparkling-Shiraz-NV-EATG-Bottle-shot_2000x2000px-4-e1678521689321-150x150.png 150w, https:\/\/scutellawines.ch\/wp-content\/uploads\/2023\/03\/Sparkling-Shiraz-NV-EATG-Bottle-shot_2000x2000px-4-e1678521689321-768x768.png 768w, https:\/\/scutellawines.ch\/wp-content\/uploads\/2023\/03\/Sparkling-Shiraz-NV-EATG-Bottle-shot_2000x2000px-4-e1678521689321-370x370.png 370w, https:\/\/scutellawines.ch\/wp-content\/uploads\/2023\/03\/Sparkling-Shiraz-NV-EATG-Bottle-shot_2000x2000px-4-e1678521689321-120x120.png 120w, https:\/\/scutellawines.ch\/wp-content\/uploads\/2023\/03\/Sparkling-Shiraz-NV-EATG-Bottle-shot_2000x2000px-4-e1678521689321-840x840.png 840w, https:\/\/scutellawines.ch\/wp-content\/uploads\/2023\/03\/Sparkling-Shiraz-NV-EATG-Bottle-shot_2000x2000px-4-e1678521689321-410x410.png 410w, https:\/\/scutellawines.ch\/wp-content\/uploads\/2023\/03\/Sparkling-Shiraz-NV-EATG-Bottle-shot_2000x2000px-4-e1678521689321.png 1200w\" sizes=\"(max-width: 300px) 100vw, 300px\" \/><\/p>","protected":false},"excerpt":{"rendered":"<p>Ce Sparkling Shiraz est \u00e9labor\u00e9 \u00e0 partir de raisins provenant de vignobles de la c\u00e9l\u00e8bre Limestone Coast australienne et pr\u00e9sente des ar\u00f4mes de prunes et d'\u00e9pices de No\u00ebl. En bouche, ce vin apporte des cerises et des \u00e9pices, il est juteux et pr\u00e9sente une touche de complexit\u00e9 due au ch\u00eane. Tous les mill\u00e9simes choisis \u00e9tant des mill\u00e9simes exceptionnels, il en r\u00e9sulte des caract\u00e8res vari\u00e9taux forts, ce qui les rend parfaits pour un assemblage NV.<\/p>\n<p>Vous adorerez la magnifique mousse violette qui le rend si joli dans le verre et ce vin doit \u00eatre servi frais. Ce shiraz rafra\u00eechissant et pas trop lourd fait partie d'une quantit\u00e9 limit\u00e9e de vins mousseux produits dans la c\u00e9l\u00e8bre r\u00e9gion viticole de Wrattonbully, en Australie-M\u00e9ridionale.<\/p>\n<p><em>~ <strong>96\/100<\/strong> r\u00e9compens\u00e9 par Winestate Magazine par le personnel de Wine &amp; Spirits<\/em><\/p>\n<p><em>~<strong> 93\/100<\/strong> d\u00e9cern\u00e9 par Australian Wine Showcase Magazine par Australian Wine Showcase Tasting Panel<\/em><\/p>\n<p><em>~<strong> 92\/100 <\/strong>attribu\u00e9 par Wine Orbit par Sam Kim<\/em><\/p>\n<p><em>~ <strong>92\/100<\/strong> d\u00e9cern\u00e9 par The Real Review de Stuart Knox<\/em><\/p>\n<p><em>~ <strong>90\/100<\/strong> d\u00e9cern\u00e9 par Wine Pilot par Ken Gargett<\/em><\/p>","protected":false},"featured_media":21989,"template":"","meta":[],"product_brand":[],"product_cat":[201],"product_tag":[203],"class_list":{"0":"post-21987","1":"product","2":"type-product","3":"status-publish","4":"has-post-thumbnail","6":"product_cat-sparkling-shiraz","7":"product_tag-eight-at-the-gate","9":"first","10":"instock","11":"shipping-taxable","12":"purchasable","13":"product-type-simple"},"aioseo_notices":[],"_links":{"self":[{"href":"https:\/\/scutellawines.ch\/fr\/wp-json\/wp\/v2\/product\/21987","targetHints":{"allow":["GET"]}}],"collection":[{"href":"https:\/\/scutellawines.ch\/fr\/wp-json\/wp\/v2\/product"}],"about":[{"href":"https:\/\/scutellawines.ch\/fr\/wp-json\/wp\/v2\/types\/product"}],"wp:featuredmedia":[{"embeddable":true,"href":"https:\/\/scutellawines.ch\/fr\/wp-json\/wp\/v2\/media\/21989"}],"wp:attachment":[{"href":"https:\/\/scutellawines.ch\/fr\/wp-json\/wp\/v2\/media?parent=21987"}],"wp:term":[{"taxonomy":"product_brand","embeddable":true,"href":"https:\/\/scutellawines.ch\/fr\/wp-json\/wp\/v2\/product_brand?post=21987"},{"taxonomy":"product_cat","embeddable":true,"href":"https:\/\/scutellawines.ch\/fr\/wp-json\/wp\/v2\/product_cat?post=21987"},{"taxonomy":"product_tag","embeddable":true,"href":"https:\/\/scutellawines.ch\/fr\/wp-json\/wp\/v2\/product_tag?post=21987"}],"curies":[{"name":"wp","href":"https:\/\/api.w.org\/{rel}","templated":true}]}}