{"id":21959,"date":"2023-03-06T19:32:35","date_gmt":"2023-03-06T19:32:35","guid":{"rendered":"https:\/\/scutellawines.ch\/?post_type=product&#038;p=21959"},"modified":"2026-02-26T07:14:01","modified_gmt":"2026-02-26T07:14:01","slug":"pennys-hill-sparkling-shiraz","status":"publish","type":"product","link":"https:\/\/scutellawines.ch\/fr\/product\/pennys-hill-sparkling-shiraz\/","title":{"rendered":"Penny's Hill Sparkling Shiraz"},"content":{"rendered":"","protected":false},"excerpt":{"rendered":"<p><span id=\"page121R_mcid46\" class=\"markedContent\"><span dir=\"ltr\" role=\"presentation\">Ce Shiraz p\u00e9tillant pr\u00e9sente des fruits m\u00fbrs de prune et de m\u00fbre avec des ar\u00f4mes d'agrumes. <\/span><\/span><span id=\"page121R_mcid47\" class=\"markedContent\"><span dir=\"ltr\" role=\"presentation\">subtiles \u00e9pices de ch\u00eane et des notes terreuses sous-jacentes. La bouche pr\u00e9sente de belles notes de milieu de bouche. <\/span><\/span><span id=\"page121R_mcid48\" class=\"markedContent\"><span dir=\"ltr\" role=\"presentation\">bouche riche et fruit\u00e9e, fruits noirs et notes sal\u00e9es <\/span><\/span><span id=\"page121R_mcid49\" class=\"markedContent\"><span dir=\"ltr\" role=\"presentation\">La concentration et la profondeur de ces vins sont soigneusement \u00e9quilibr\u00e9es par des tannins fins. <\/span><\/span><span id=\"page121R_mcid50\" class=\"markedContent\"><span dir=\"ltr\" role=\"presentation\">structure.<\/span><\/span><\/p>\n<p><span id=\"page121R_mcid37\" class=\"markedContent\"><span dir=\"ltr\" role=\"presentation\">Assemblage de lots de Shiraz \u00e2g\u00e9s de 2 \u00e0 3 ans. <\/span><\/span><span id=\"page121R_mcid38\" class=\"markedContent\"><span dir=\"ltr\" role=\"presentation\">une constance dans le style et la qualit\u00e9. Chaque parcelle de fruits est vinifi\u00e9e et \u00e9lev\u00e9e <\/span><\/span><span id=\"page121R_mcid39\" class=\"markedContent\"><span dir=\"ltr\" role=\"presentation\">s\u00e9par\u00e9ment dans des barriques de ch\u00eane fran\u00e7ais. Apr\u00e8s l'\u00e9levage en ch\u00eane, le vin de base <\/span><\/span><span id=\"page121R_mcid40\" class=\"markedContent\"><span dir=\"ltr\" role=\"presentation\">est surm\u00e9lang\u00e9 avec du Shiraz vibrant et juteux qui lui conf\u00e8re une grande vivacit\u00e9, <\/span><\/span><span id=\"page121R_mcid41\" class=\"markedContent\"><span dir=\"ltr\" role=\"presentation\">fra\u00eecheur et \u00e9quilibre.<\/span><\/span><\/p>\n<p><em>Penny's Hill est certifi\u00e9e par Sustainable Winegrowing Australia comme une exploitation viticole enti\u00e8rement durable et s'engage \u00e0 respecter l'environnement et \u00e0 s'am\u00e9liorer continuellement pour produire des vins de haute qualit\u00e9 tout en r\u00e9duisant son empreinte carbone et en cultivant des sols riches et pr\u00e9cieux.<\/em><\/p>","protected":false},"featured_media":22077,"template":"","meta":[],"product_brand":[],"product_cat":[201],"product_tag":[207],"class_list":{"0":"post-21959","1":"product","2":"type-product","3":"status-publish","4":"has-post-thumbnail","6":"product_cat-sparkling-shiraz","7":"product_tag-pennys-hill","9":"first","10":"outofstock","11":"shipping-taxable","12":"purchasable","13":"product-type-simple"},"aioseo_notices":[],"_links":{"self":[{"href":"https:\/\/scutellawines.ch\/fr\/wp-json\/wp\/v2\/product\/21959","targetHints":{"allow":["GET"]}}],"collection":[{"href":"https:\/\/scutellawines.ch\/fr\/wp-json\/wp\/v2\/product"}],"about":[{"href":"https:\/\/scutellawines.ch\/fr\/wp-json\/wp\/v2\/types\/product"}],"wp:featuredmedia":[{"embeddable":true,"href":"https:\/\/scutellawines.ch\/fr\/wp-json\/wp\/v2\/media\/22077"}],"wp:attachment":[{"href":"https:\/\/scutellawines.ch\/fr\/wp-json\/wp\/v2\/media?parent=21959"}],"wp:term":[{"taxonomy":"product_brand","embeddable":true,"href":"https:\/\/scutellawines.ch\/fr\/wp-json\/wp\/v2\/product_brand?post=21959"},{"taxonomy":"product_cat","embeddable":true,"href":"https:\/\/scutellawines.ch\/fr\/wp-json\/wp\/v2\/product_cat?post=21959"},{"taxonomy":"product_tag","embeddable":true,"href":"https:\/\/scutellawines.ch\/fr\/wp-json\/wp\/v2\/product_tag?post=21959"}],"curies":[{"name":"wp","href":"https:\/\/api.w.org\/{rel}","templated":true}]}}