{"id":21948,"date":"2023-03-06T19:10:47","date_gmt":"2023-03-06T19:10:47","guid":{"rendered":"https:\/\/scutellawines.ch\/?post_type=product&#038;p=21948"},"modified":"2026-03-04T16:27:43","modified_gmt":"2026-03-04T16:27:43","slug":"black-chook-sparkling-shiraz","status":"publish","type":"product","link":"https:\/\/scutellawines.ch\/fr\/product\/black-chook-sparkling-shiraz\/","title":{"rendered":"Black Chook Sparkling Shiraz"},"content":{"rendered":"","protected":false},"excerpt":{"rendered":"<p>Ce vin rouge non mill\u00e9sim\u00e9 p\u00e9tille au rythme d'un assemblage bien \u00e9quilibr\u00e9. Le r\u00e9sultat est un Shiraz p\u00e9tillant riche et succulent qui pr\u00e9sente des notes de fruits noirs sucr\u00e9s, d'\u00e9pices fruit\u00e9es et de subtiles notes sal\u00e9es. C'est un vin de d\u00e9couverte, alors allez-y et d\u00e9couvrez-le - vous adorerez l'exp\u00e9rience !<\/p>\n<p>Un m\u00e9lange de lots de Shiraz \u00e2g\u00e9s de 3 \u00e0 5 ans assure la coh\u00e9rence du style et de la qualit\u00e9. Chaque parcelle de fruits est \u00e9lev\u00e9e s\u00e9par\u00e9ment dans des f\u00fbts de ch\u00eane fran\u00e7ais avant d'\u00eatre m\u00e9lang\u00e9e \u00e0 des Shiraz plus jeunes, ce qui ajoute des caract\u00e8res fruit\u00e9s luxuriants et juteux ainsi que de la fra\u00eecheur au palais.<\/p>\n<p><em>~ <strong>91 Points<\/strong> d\u00e9cern\u00e9 par Sam Kim, Wine Orbit\u00a0<\/em><\/p>\n<div class=\"elementor-element elementor-element-3532d050 sc_fly_static elementor-widget elementor-widget-woocommerce-product-short-description trx_addons_parallax_layers_inited trx_addons_parallax_blocks_inited\" data-id=\"3532d050\" data-element_type=\"widget\" data-widget_type=\"woocommerce-product-short-description.default\">\n<div class=\"elementor-widget-container\">\n<div class=\"woocommerce-product-details__short-description\">\n<p><em>The Black Chook est certifi\u00e9 par Sustainable Winegrowing Australia comme un \u00e9tablissement vinicole enti\u00e8rement durable et s'engage \u00e0 respecter l'environnement et \u00e0 s'am\u00e9liorer continuellement pour produire des vins de haute qualit\u00e9 tout en r\u00e9duisant son empreinte carbone et en cultivant des sols riches et pr\u00e9cieux.<\/em><\/p>\n<\/div>\n<\/div>\n<\/div>","protected":false},"featured_media":22086,"template":"","meta":[],"product_brand":[],"product_cat":[201],"product_tag":[206],"class_list":{"0":"post-21948","1":"product","2":"type-product","3":"status-publish","4":"has-post-thumbnail","6":"product_cat-sparkling-shiraz","7":"product_tag-black-chook","9":"first","10":"instock","11":"shipping-taxable","12":"purchasable","13":"product-type-simple"},"aioseo_notices":[],"_links":{"self":[{"href":"https:\/\/scutellawines.ch\/fr\/wp-json\/wp\/v2\/product\/21948","targetHints":{"allow":["GET"]}}],"collection":[{"href":"https:\/\/scutellawines.ch\/fr\/wp-json\/wp\/v2\/product"}],"about":[{"href":"https:\/\/scutellawines.ch\/fr\/wp-json\/wp\/v2\/types\/product"}],"wp:featuredmedia":[{"embeddable":true,"href":"https:\/\/scutellawines.ch\/fr\/wp-json\/wp\/v2\/media\/22086"}],"wp:attachment":[{"href":"https:\/\/scutellawines.ch\/fr\/wp-json\/wp\/v2\/media?parent=21948"}],"wp:term":[{"taxonomy":"product_brand","embeddable":true,"href":"https:\/\/scutellawines.ch\/fr\/wp-json\/wp\/v2\/product_brand?post=21948"},{"taxonomy":"product_cat","embeddable":true,"href":"https:\/\/scutellawines.ch\/fr\/wp-json\/wp\/v2\/product_cat?post=21948"},{"taxonomy":"product_tag","embeddable":true,"href":"https:\/\/scutellawines.ch\/fr\/wp-json\/wp\/v2\/product_tag?post=21948"}],"curies":[{"name":"wp","href":"https:\/\/api.w.org\/{rel}","templated":true}]}}