{"id":21805,"date":"2023-02-16T19:12:49","date_gmt":"2023-02-16T19:12:49","guid":{"rendered":"https:\/\/scutellawines.ch\/?post_type=product&#038;p=21805"},"modified":"2026-02-27T14:20:35","modified_gmt":"2026-02-27T14:20:35","slug":"teusner-sparkling-shiraz-2017","status":"publish","type":"product","link":"https:\/\/scutellawines.ch\/fr\/product\/teusner-sparkling-shiraz-2017\/","title":{"rendered":"Teusner MC Sparkling Shiraz 2017 Vintage"},"content":{"rendered":"","protected":false},"excerpt":{"rendered":"<p>Le premier mill\u00e9sime, en 2005, a re\u00e7u des critiques fantastiques et le mill\u00e9sime 2017 s'inscrit dans cette tradition avec des parcelles s\u00e9lectionn\u00e9es de fruits de vieilles vignes r\u00e9colt\u00e9s sp\u00e9cifiquement pour la production de ce vin rouge p\u00e9tillant. Et une fois de plus, ce Sparkling Shiraz est couronn\u00e9 d'un sceau en forme de couronne.<\/p>\n<p>La d\u00e9cision de Teusner de ne choisir que les meilleurs vignobles de Barossa Shiraz pour ce vin mousseux est valid\u00e9e. Teusner a tendance \u00e0 y aller mollo avec le dosage aussi....ils visent un style savoureux, pur et fruit\u00e9, sans artifice sucr\u00e9 et sans finalit\u00e9 clochemerlesque. Avec un temps prolong\u00e9 sur lies, le vin r\u00e9sultant, je suis s\u00fbr que vous serez d'accord, ce Sparkling Shiraz est d\u00e9licieux \u00e0 boire et continuera \u00e0 s'am\u00e9liorer dans la cave \u00e0 moyen terme.<\/p>\n<p><em>~ <strong>95 Points<\/strong> d\u00e9cern\u00e9 par Campbell Mattinson, Halliday Wine Companion<\/em><\/p>\n<p><em>~ <strong>95 Points<\/strong> d\u00e9cern\u00e9 par Dave Brookes, Halliday Wine Companion<\/em><\/p>","protected":false},"featured_media":22087,"template":"","meta":[],"product_brand":[],"product_cat":[201],"product_tag":[205],"class_list":{"0":"post-21805","1":"product","2":"type-product","3":"status-publish","4":"has-post-thumbnail","6":"product_cat-sparkling-shiraz","7":"product_tag-teusner","9":"first","10":"instock","11":"shipping-taxable","12":"purchasable","13":"product-type-simple"},"aioseo_notices":[],"_links":{"self":[{"href":"https:\/\/scutellawines.ch\/fr\/wp-json\/wp\/v2\/product\/21805","targetHints":{"allow":["GET"]}}],"collection":[{"href":"https:\/\/scutellawines.ch\/fr\/wp-json\/wp\/v2\/product"}],"about":[{"href":"https:\/\/scutellawines.ch\/fr\/wp-json\/wp\/v2\/types\/product"}],"wp:featuredmedia":[{"embeddable":true,"href":"https:\/\/scutellawines.ch\/fr\/wp-json\/wp\/v2\/media\/22087"}],"wp:attachment":[{"href":"https:\/\/scutellawines.ch\/fr\/wp-json\/wp\/v2\/media?parent=21805"}],"wp:term":[{"taxonomy":"product_brand","embeddable":true,"href":"https:\/\/scutellawines.ch\/fr\/wp-json\/wp\/v2\/product_brand?post=21805"},{"taxonomy":"product_cat","embeddable":true,"href":"https:\/\/scutellawines.ch\/fr\/wp-json\/wp\/v2\/product_cat?post=21805"},{"taxonomy":"product_tag","embeddable":true,"href":"https:\/\/scutellawines.ch\/fr\/wp-json\/wp\/v2\/product_tag?post=21805"}],"curies":[{"name":"wp","href":"https:\/\/api.w.org\/{rel}","templated":true}]}}