{"id":21574,"date":"2023-02-11T15:49:05","date_gmt":"2023-02-11T15:49:05","guid":{"rendered":"https:\/\/scutellawines.ch\/?post_type=product&#038;p=21574"},"modified":"2026-03-04T16:27:43","modified_gmt":"2026-03-04T16:27:43","slug":"shottesbrooke-sparkling-shiraz","status":"publish","type":"product","link":"https:\/\/scutellawines.ch\/fr\/product\/shottesbrooke-sparkling-shiraz\/","title":{"rendered":"Shottesbrooke 1337 Heritage Series Sparkling Shiraz"},"content":{"rendered":"","protected":false},"excerpt":{"rendered":"<p><span dir=\"ltr\" role=\"presentation\">Les parcelles de fruits proviennent de la r\u00e9gion viticole de premi\u00e8re qualit\u00e9 de McLaren Vale. <\/span><span dir=\"ltr\" role=\"presentation\">utilis\u00e9s pour ce vin ont \u00e9t\u00e9 ferment\u00e9s sur les peaux afin de leur donner de la couleur et de les rendre plus complexes, <\/span><span dir=\"ltr\" role=\"presentation\">avant d'\u00eatre press\u00e9s et m\u00fbris dans une combinaison d'anciens f\u00fbts de ch\u00eane fran\u00e7ais et am\u00e9ricains. <\/span><span dir=\"ltr\" role=\"presentation\">f\u00fbts de ch\u00eane.<\/span><\/p>\n<p><span dir=\"ltr\" role=\"presentation\">Sourc\u00e9<\/span> <span dir=\"ltr\" role=\"presentation\">de<\/span> <span dir=\"ltr\" role=\"presentation\">a<\/span> <span dir=\"ltr\" role=\"presentation\">s\u00e9lectionn\u00e9 \u00e0 la main<\/span> <span dir=\"ltr\" role=\"presentation\">collection<\/span> <span dir=\"ltr\" role=\"presentation\">de<\/span> <span dir=\"ltr\" role=\"presentation\">prime<\/span> <span dir=\"ltr\" role=\"presentation\">vignobles,<\/span> <span dir=\"ltr\" role=\"presentation\">cette<\/span> <span dir=\"ltr\" role=\"presentation\">le vin<\/span> <span dir=\"ltr\" role=\"presentation\">est <\/span><span dir=\"ltr\" role=\"presentation\">voluptueuse et cossue, se d\u00e9veloppant merveilleusement et devenant de plus en plus \u00e9l\u00e9gante au fur et \u00e0 mesure que l'on s'\u00e9loigne de l'\u00e2ge. <\/span><span dir=\"ltr\" role=\"presentation\">une bonne garde et un peu d'\u00e2ge.<\/span><\/p>\n<div class=\"elementor-element elementor-element-3532d050 sc_fly_static elementor-widget elementor-widget-woocommerce-product-short-description trx_addons_parallax_layers_inited trx_addons_parallax_blocks_inited\" data-id=\"3532d050\" data-element_type=\"widget\" data-widget_type=\"woocommerce-product-short-description.default\">\n<div class=\"elementor-widget-container\">\n<div class=\"woocommerce-product-details__short-description\">\n<p><em>Shottesbrooke est certifi\u00e9e par Sustainable Winegrowing Australia comme une exploitation viticole enti\u00e8rement durable et s'engage \u00e0 respecter l'environnement et \u00e0 s'am\u00e9liorer continuellement pour produire des vins de haute qualit\u00e9 tout en r\u00e9duisant son empreinte carbone et en cultivant des sols riches et pr\u00e9cieux.<\/em><\/p>\n<\/div>\n<\/div>\n<\/div>","protected":false},"featured_media":22084,"template":"","meta":[],"product_brand":[],"product_cat":[201],"product_tag":[204],"class_list":{"0":"post-21574","1":"product","2":"type-product","3":"status-publish","4":"has-post-thumbnail","6":"product_cat-sparkling-shiraz","7":"product_tag-shottesbrooke","9":"first","10":"instock","11":"shipping-taxable","12":"purchasable","13":"product-type-simple"},"aioseo_notices":[],"_links":{"self":[{"href":"https:\/\/scutellawines.ch\/fr\/wp-json\/wp\/v2\/product\/21574","targetHints":{"allow":["GET"]}}],"collection":[{"href":"https:\/\/scutellawines.ch\/fr\/wp-json\/wp\/v2\/product"}],"about":[{"href":"https:\/\/scutellawines.ch\/fr\/wp-json\/wp\/v2\/types\/product"}],"wp:featuredmedia":[{"embeddable":true,"href":"https:\/\/scutellawines.ch\/fr\/wp-json\/wp\/v2\/media\/22084"}],"wp:attachment":[{"href":"https:\/\/scutellawines.ch\/fr\/wp-json\/wp\/v2\/media?parent=21574"}],"wp:term":[{"taxonomy":"product_brand","embeddable":true,"href":"https:\/\/scutellawines.ch\/fr\/wp-json\/wp\/v2\/product_brand?post=21574"},{"taxonomy":"product_cat","embeddable":true,"href":"https:\/\/scutellawines.ch\/fr\/wp-json\/wp\/v2\/product_cat?post=21574"},{"taxonomy":"product_tag","embeddable":true,"href":"https:\/\/scutellawines.ch\/fr\/wp-json\/wp\/v2\/product_tag?post=21574"}],"curies":[{"name":"wp","href":"https:\/\/api.w.org\/{rel}","templated":true}]}}