{"id":21420,"date":"2023-02-05T16:30:19","date_gmt":"2023-02-05T16:30:19","guid":{"rendered":"https:\/\/scutellawines.ch\/?post_type=product&#038;p=21420"},"modified":"2026-02-27T14:20:36","modified_gmt":"2026-02-27T14:20:36","slug":"hollick-sparkling-merlot","status":"publish","type":"product","link":"https:\/\/scutellawines.ch\/fr\/product\/hollick-sparkling-merlot\/","title":{"rendered":"Hollick Sparkling Merlot 2021 Vintage"},"content":{"rendered":"","protected":false},"excerpt":{"rendered":"<p>Ce vin est \u00e9labor\u00e9 \u00e0 partir de raisins de merlot 100% provenant du vignoble Hollick Coonawarra. \u00c9labor\u00e9 par Hollick depuis 1992, il confirme sa r\u00e9putation de vin de f\u00eate.<\/p>\n<p>Le mill\u00e9sime 2021 dans la r\u00e9gion de Coonawarra a \u00e9t\u00e9 marqu\u00e9 par une forte r\u00e9colte de fruits de grande qualit\u00e9. La couleur vibrante des vins rouges est une caract\u00e9ristique de ce mill\u00e9sime.<\/p>\n<p>Les fruits utilis\u00e9s pour le 2021 Sparkling Merlot ont \u00e9t\u00e9 soigneusement s\u00e9lectionn\u00e9s pour garantir leur qualit\u00e9. La fermentation primaire a \u00e9t\u00e9 effectu\u00e9e sur place en acier inoxydable. La fermentation secondaire a \u00e9t\u00e9 achev\u00e9e dans des cuves sous pression en acier inoxydable avant d'\u00eatre mise en bouteille. La fermentation secondaire a \u00e9t\u00e9 r\u00e9alis\u00e9e dans une cuve sous pression en acier inoxydable, puis mise en bouteille. Cette m\u00e9thode a permis d'obtenir une perle fine et persistante qui rel\u00e8ve le palais de fruits rouges \u00e9clatants.<\/p>","protected":false},"featured_media":22089,"template":"","meta":[],"product_brand":[],"product_cat":[188],"product_tag":[202],"class_list":{"0":"post-21420","1":"product","2":"type-product","3":"status-publish","4":"has-post-thumbnail","6":"product_cat-sparkling-merlot","7":"product_tag-hollick","9":"first","10":"instock","11":"shipping-taxable","12":"purchasable","13":"product-type-simple"},"aioseo_notices":[],"_links":{"self":[{"href":"https:\/\/scutellawines.ch\/fr\/wp-json\/wp\/v2\/product\/21420","targetHints":{"allow":["GET"]}}],"collection":[{"href":"https:\/\/scutellawines.ch\/fr\/wp-json\/wp\/v2\/product"}],"about":[{"href":"https:\/\/scutellawines.ch\/fr\/wp-json\/wp\/v2\/types\/product"}],"wp:featuredmedia":[{"embeddable":true,"href":"https:\/\/scutellawines.ch\/fr\/wp-json\/wp\/v2\/media\/22089"}],"wp:attachment":[{"href":"https:\/\/scutellawines.ch\/fr\/wp-json\/wp\/v2\/media?parent=21420"}],"wp:term":[{"taxonomy":"product_brand","embeddable":true,"href":"https:\/\/scutellawines.ch\/fr\/wp-json\/wp\/v2\/product_brand?post=21420"},{"taxonomy":"product_cat","embeddable":true,"href":"https:\/\/scutellawines.ch\/fr\/wp-json\/wp\/v2\/product_cat?post=21420"},{"taxonomy":"product_tag","embeddable":true,"href":"https:\/\/scutellawines.ch\/fr\/wp-json\/wp\/v2\/product_tag?post=21420"}],"curies":[{"name":"wp","href":"https:\/\/api.w.org\/{rel}","templated":true}]}}