{"id":3750,"date":"2020-05-26T12:53:00","date_gmt":"2020-05-26T12:53:00","guid":{"rendered":"https:\/\/scutellawines.ch\/?page_id=3750"},"modified":"2025-11-23T11:53:37","modified_gmt":"2025-11-23T11:53:37","slug":"a-propos-de-nous","status":"publish","type":"page","link":"https:\/\/scutellawines.ch\/fr\/about-us\/","title":{"rendered":"\u00c0 propos de nous"},"content":{"rendered":"<div data-elementor-type=\"wp-page\" data-elementor-id=\"3750\" class=\"elementor elementor-3750\" data-elementor-post-type=\"page\">\n\t\t\t\t\t\t<section class=\"elementor-section elementor-top-section elementor-element elementor-element-767815b elementor-section-boxed elementor-section-height-default elementor-section-height-default\" data-id=\"767815b\" data-element_type=\"section\" data-e-type=\"section\" data-settings=\"{&quot;background_background&quot;:&quot;classic&quot;}\">\n\t\t\t\t\t\t<div class=\"elementor-container elementor-column-gap-default\">\n\t\t\t\t\t<div class=\"elementor-column elementor-col-50 elementor-top-column elementor-element elementor-element-34f2546\" data-id=\"34f2546\" data-element_type=\"column\" data-e-type=\"column\">\n\t\t\t<div class=\"elementor-widget-wrap elementor-element-populated\">\n\t\t\t\t\t\t<div class=\"elementor-element elementor-element-aebbd7d elementor-widget elementor-widget-image\" data-id=\"aebbd7d\" data-element_type=\"widget\" data-e-type=\"widget\" data-widget_type=\"image.default\">\n\t\t\t\t<div class=\"elementor-widget-container\">\n\t\t\t\t\t\t\t\t\t\t\t\t\t\t\t<img fetchpriority=\"high\" decoding=\"async\" width=\"2560\" height=\"1997\" src=\"https:\/\/scutellawines.ch\/wp-content\/uploads\/2023\/04\/IMG_0150-1-scaled.jpg\" class=\"attachment-full size-full wp-image-22914\" alt=\"Scutella Wines Vins rouges p\u00e9tillants\" srcset=\"https:\/\/scutellawines.ch\/wp-content\/uploads\/2023\/04\/IMG_0150-1-scaled.jpg 2560w, https:\/\/scutellawines.ch\/wp-content\/uploads\/2023\/04\/IMG_0150-1-700x546.jpg 700w, https:\/\/scutellawines.ch\/wp-content\/uploads\/2023\/04\/IMG_0150-1-1024x799.jpg 1024w, https:\/\/scutellawines.ch\/wp-content\/uploads\/2023\/04\/IMG_0150-1-768x599.jpg 768w, https:\/\/scutellawines.ch\/wp-content\/uploads\/2023\/04\/IMG_0150-1-1536x1198.jpg 1536w, https:\/\/scutellawines.ch\/wp-content\/uploads\/2023\/04\/IMG_0150-1-2048x1597.jpg 2048w, https:\/\/scutellawines.ch\/wp-content\/uploads\/2023\/04\/IMG_0150-1-370x289.jpg 370w, https:\/\/scutellawines.ch\/wp-content\/uploads\/2023\/04\/IMG_0150-1-840x655.jpg 840w, https:\/\/scutellawines.ch\/wp-content\/uploads\/2023\/04\/IMG_0150-1-410x320.jpg 410w, https:\/\/scutellawines.ch\/wp-content\/uploads\/2023\/04\/IMG_0150-1-300x234.jpg 300w\" sizes=\"(max-width: 2560px) 100vw, 2560px\" \/>\t\t\t\t\t\t\t\t\t\t\t\t\t\t\t<\/div>\n\t\t\t\t<\/div>\n\t\t\t\t\t<\/div>\n\t\t<\/div>\n\t\t\t\t<div class=\"elementor-column elementor-col-50 elementor-top-column elementor-element elementor-element-e41fe8f\" data-id=\"e41fe8f\" data-element_type=\"column\" data-e-type=\"column\">\n\t\t\t<div class=\"elementor-widget-wrap elementor-element-populated\">\n\t\t\t\t\t\t<div class=\"elementor-element elementor-element-9daa65a elementor-widget elementor-widget-heading\" data-id=\"9daa65a\" data-element_type=\"widget\" data-e-type=\"widget\" data-widget_type=\"heading.default\">\n\t\t\t\t<div class=\"elementor-widget-container\">\n\t\t\t\t\t<h2 class=\"elementor-heading-title elementor-size-default\">Comment notre voyage a commenc\u00e9 <\/h2>\t\t\t\t<\/div>\n\t\t\t\t<\/div>\n\t\t\t\t<div class=\"elementor-element elementor-element-c34f0f7 elementor-widget elementor-widget-heading\" data-id=\"c34f0f7\" data-element_type=\"widget\" data-e-type=\"widget\" data-widget_type=\"heading.default\">\n\t\t\t\t<div class=\"elementor-widget-container\">\n\t\t\t\t\t<h3 class=\"elementor-heading-title elementor-size-default\">De l'Australie du Sud \u00e0 la Suisse<\/h3>\t\t\t\t<\/div>\n\t\t\t\t<\/div>\n\t\t\t\t<div class=\"elementor-element elementor-element-04bbdb0 elementor-widget elementor-widget-text-editor\" data-id=\"04bbdb0\" data-element_type=\"widget\" data-e-type=\"widget\" data-widget_type=\"text-editor.default\">\n\t\t\t\t<div class=\"elementor-widget-container\">\n\t\t\t\t\t\t\t\t\t<p>Ayant grandi en Australie-M\u00e9ridionale, Rob a eu la chance d'\u00eatre entour\u00e9 de quelques-uns des plus beaux vignobles du monde. Son p\u00e8re, sommelier autoproclam\u00e9, lui a transmis ses connaissances et son amour du vin, ce qui a \u00e9veill\u00e9 chez lui une fascination pour le monde du vin qui durera toute sa vie.<\/p>\n<p>Lors d'un voyage en Australie, Ninette a go\u00fbt\u00e9 pour la premi\u00e8re fois \u00e0 un vin rouge p\u00e9tillant et a \u00e9t\u00e9 tr\u00e8s impressionn\u00e9e. Le m\u00e9lange complexe de baies sombres, de violettes, de poivre et d'ar\u00f4mes de ch\u00eane lui a laiss\u00e9 une impression durable, et ils \u00e9taient impatients de partager cette exp\u00e9rience avec d'autres.&nbsp;<span style=\"font-size: 17px; background-color: var(--theme-color-bg_color); letter-spacing: 0px;\">Avec une passion commune pour ce vin unique, Ninette et Rob ont fond\u00e9 une soci\u00e9t\u00e9 d\u00e9di\u00e9e \u00e0 l'importation et \u00e0 la distribution de vins rouges p\u00e9tillants de premi\u00e8re qualit\u00e9 en provenance d'Australie sur le march\u00e9 suisse.&nbsp;<\/span><\/p>\n<p>Aujourd'hui, parall\u00e8lement \u00e0 leurs brillantes carri\u00e8res de juristes dans le secteur des services financiers, ils canalisent leur passion pour offrir \u00e0 leurs clients une d\u00e9licieuse d\u00e9gustation de vins exceptionnels \u00e9labor\u00e9s en Australie-M\u00e9ridionale.<\/p>\t\t\t\t\t\t\t\t<\/div>\n\t\t\t\t<\/div>\n\t\t\t\t\t<\/div>\n\t\t<\/div>\n\t\t\t\t\t<\/div>\n\t\t<\/section>\n\t\t\t\t<section class=\"elementor-section elementor-top-section elementor-element elementor-element-d80bc7f elementor-reverse-mobile elementor-section-boxed elementor-section-height-default elementor-section-height-default\" data-id=\"d80bc7f\" data-element_type=\"section\" data-e-type=\"section\" data-settings=\"{&quot;background_background&quot;:&quot;classic&quot;}\">\n\t\t\t\t\t\t<div class=\"elementor-container elementor-column-gap-default\">\n\t\t\t\t\t<div class=\"elementor-column elementor-col-50 elementor-top-column elementor-element elementor-element-42836fd\" data-id=\"42836fd\" data-element_type=\"column\" data-e-type=\"column\">\n\t\t\t<div class=\"elementor-widget-wrap elementor-element-populated\">\n\t\t\t\t\t\t<div class=\"elementor-element elementor-element-36809b5 elementor-widget elementor-widget-heading\" data-id=\"36809b5\" data-element_type=\"widget\" data-e-type=\"widget\" data-widget_type=\"heading.default\">\n\t\t\t\t<div class=\"elementor-widget-container\">\n\t\t\t\t\t<h2 class=\"elementor-heading-title elementor-size-default\">\u00c0 propos de Scutella Wines<\/h2>\t\t\t\t<\/div>\n\t\t\t\t<\/div>\n\t\t\t\t<div class=\"elementor-element elementor-element-941503c elementor-widget elementor-widget-heading\" data-id=\"941503c\" data-element_type=\"widget\" data-e-type=\"widget\" data-widget_type=\"heading.default\">\n\t\t\t\t<div class=\"elementor-widget-container\">\n\t\t\t\t\t<h3 class=\"elementor-heading-title elementor-size-default\">Embrace the sparkle, savor the red<\/h3>\t\t\t\t<\/div>\n\t\t\t\t<\/div>\n\t\t\t\t<div class=\"elementor-element elementor-element-8d13ec6 elementor-widget elementor-widget-text-editor\" data-id=\"8d13ec6\" data-element_type=\"widget\" data-e-type=\"widget\" data-widget_type=\"text-editor.default\">\n\t\t\t\t<div class=\"elementor-widget-container\">\n\t\t\t\t\t\t\t\t\t<p>Chez Scutella Wines, nous nous effor\u00e7ons de r\u00e9pondre \u00e0 la demande des consommateurs pour de nouveaux styles de vins sur un march\u00e9 en constante \u00e9volution. En tant qu'importateurs et distributeurs ind\u00e9pendants, nous n'importons que des vins originaux en bouteille provenant d'\u00e9tablissements vinicoles australiens r\u00e9put\u00e9s. Nos vins rouges p\u00e9tillants, tri\u00e9s sur le volet, offrent un rapport qualit\u00e9-prix int\u00e9ressant.\u00a0<\/p>\t\t\t\t\t\t\t\t<\/div>\n\t\t\t\t<\/div>\n\t\t\t\t<div class=\"elementor-element elementor-element-232d9e9 elementor-widget elementor-widget-text-editor\" data-id=\"232d9e9\" data-element_type=\"widget\" data-e-type=\"widget\" data-widget_type=\"text-editor.default\">\n\t\t\t\t<div class=\"elementor-widget-container\">\n\t\t\t\t\t\t\t\t\t<p><span style=\"font-family: 'Times New Roman', sans-serif; font-size: 17px; font-style: normal; font-weight: 400;\">Profitez des moments privil\u00e9gi\u00e9s avec un verre de notre vin rouge p\u00e9tillant.<\/span><\/p>\t\t\t\t\t\t\t\t<\/div>\n\t\t\t\t<\/div>\n\t\t\t\t<div class=\"elementor-element elementor-element-f00853b elementor-widget elementor-widget-text-editor\" data-id=\"f00853b\" data-element_type=\"widget\" data-e-type=\"widget\" data-widget_type=\"text-editor.default\">\n\t\t\t\t<div class=\"elementor-widget-container\">\n\t\t\t\t\t\t\t\t\t<p>Ninette et Rob<\/p>\t\t\t\t\t\t\t\t<\/div>\n\t\t\t\t<\/div>\n\t\t\t\t\t<\/div>\n\t\t<\/div>\n\t\t\t\t<div class=\"elementor-column elementor-col-50 elementor-top-column elementor-element elementor-element-0ac04ae\" data-id=\"0ac04ae\" data-element_type=\"column\" data-e-type=\"column\">\n\t\t\t<div class=\"elementor-widget-wrap elementor-element-populated\">\n\t\t\t\t\t\t<div class=\"elementor-element elementor-element-e09d823 elementor-widget elementor-widget-image\" data-id=\"e09d823\" data-element_type=\"widget\" data-e-type=\"widget\" data-widget_type=\"image.default\">\n\t\t\t\t<div class=\"elementor-widget-container\">\n\t\t\t\t\t\t\t\t\t\t\t\t\t\t\t<img decoding=\"async\" width=\"1275\" height=\"975\" src=\"https:\/\/scutellawines.ch\/wp-content\/uploads\/2023\/03\/sparkling-red-wine-from-australia-online-shop.jpg\" class=\"attachment-full size-full wp-image-22455\" alt=\"vin rouge p\u00e9tillant d&#039;australie boutique en ligne\" srcset=\"https:\/\/scutellawines.ch\/wp-content\/uploads\/2023\/03\/sparkling-red-wine-from-australia-online-shop.jpg 1275w, https:\/\/scutellawines.ch\/wp-content\/uploads\/2023\/03\/sparkling-red-wine-from-australia-online-shop-300x229.jpg 300w, https:\/\/scutellawines.ch\/wp-content\/uploads\/2023\/03\/sparkling-red-wine-from-australia-online-shop-1024x783.jpg 1024w, https:\/\/scutellawines.ch\/wp-content\/uploads\/2023\/03\/sparkling-red-wine-from-australia-online-shop-768x587.jpg 768w, https:\/\/scutellawines.ch\/wp-content\/uploads\/2023\/03\/sparkling-red-wine-from-australia-online-shop-370x283.jpg 370w, https:\/\/scutellawines.ch\/wp-content\/uploads\/2023\/03\/sparkling-red-wine-from-australia-online-shop-840x642.jpg 840w, https:\/\/scutellawines.ch\/wp-content\/uploads\/2023\/03\/sparkling-red-wine-from-australia-online-shop-410x314.jpg 410w\" sizes=\"(max-width: 1275px) 100vw, 1275px\" \/>\t\t\t\t\t\t\t\t\t\t\t\t\t\t\t<\/div>\n\t\t\t\t<\/div>\n\t\t\t\t\t<\/div>\n\t\t<\/div>\n\t\t\t\t\t<\/div>\n\t\t<\/section>\n\t\t\t\t<section class=\"elementor-section elementor-top-section elementor-element elementor-element-35b3b54 elementor-section-boxed elementor-section-height-default elementor-section-height-default\" data-id=\"35b3b54\" data-element_type=\"section\" data-e-type=\"section\">\n\t\t\t\t\t\t<div class=\"elementor-container elementor-column-gap-default\">\n\t\t\t\t\t<div class=\"elementor-column elementor-col-100 elementor-top-column elementor-element elementor-element-6d9c6f2\" data-id=\"6d9c6f2\" data-element_type=\"column\" data-e-type=\"column\">\n\t\t\t<div class=\"elementor-widget-wrap elementor-element-populated\">\n\t\t\t\t\t\t<div class=\"elementor-element elementor-element-321e56e elementor-widget elementor-widget-heading\" data-id=\"321e56e\" data-element_type=\"widget\" data-e-type=\"widget\" data-widget_type=\"heading.default\">\n\t\t\t\t<div class=\"elementor-widget-container\">\n\t\t\t\t\t<h2 class=\"elementor-heading-title elementor-size-default\">D\u00e9couvrez nos vins rouges p\u00e9tillants<\/h2>\t\t\t\t<\/div>\n\t\t\t\t<\/div>\n\t\t\t\t<div class=\"elementor-element elementor-element-edde500 elementor-widget elementor-widget-heading\" data-id=\"edde500\" data-element_type=\"widget\" data-e-type=\"widget\" data-widget_type=\"heading.default\">\n\t\t\t\t<div class=\"elementor-widget-container\">\n\t\t\t\t\t<h3 class=\"elementor-heading-title elementor-size-default\">Pop, Fizz, Sip: Experience the Bubbles of Joy with our Sparkling Red Wines<\/h3>\t\t\t\t<\/div>\n\t\t\t\t<\/div>\n\t\t\t\t<section class=\"elementor-section elementor-inner-section elementor-element elementor-element-b93e2df elementor-section-boxed elementor-section-height-default elementor-section-height-default\" data-id=\"b93e2df\" data-element_type=\"section\" data-e-type=\"section\">\n\t\t\t\t\t\t<div class=\"elementor-container elementor-column-gap-default\">\n\t\t\t\t\t<div class=\"elementor-column elementor-col-33 elementor-inner-column elementor-element elementor-element-1daa9f3\" data-id=\"1daa9f3\" data-element_type=\"column\" data-e-type=\"column\">\n\t\t\t<div class=\"elementor-widget-wrap elementor-element-populated\">\n\t\t\t\t\t\t<div class=\"elementor-element elementor-element-ad2c86f elementor-widget elementor-widget-image\" data-id=\"ad2c86f\" data-element_type=\"widget\" data-e-type=\"widget\" data-settings=\"{&quot;motion_fx_motion_fx_mouse&quot;:&quot;yes&quot;}\" data-widget_type=\"image.default\">\n\t\t\t\t<div class=\"elementor-widget-container\">\n\t\t\t\t\t\t\t\t\t\t\t\t\t\t\t<img decoding=\"async\" width=\"1275\" height=\"750\" src=\"https:\/\/scutellawines.ch\/wp-content\/uploads\/2023\/03\/red-sparkling-wine-for-your-special-event-from-australia-in-switzerland-1.jpg\" class=\"attachment-full size-full wp-image-22466\" alt=\"vin mousseux rouge pour votre \u00e9v\u00e9nement sp\u00e9cial d&#039;australie en suisse\" srcset=\"https:\/\/scutellawines.ch\/wp-content\/uploads\/2023\/03\/red-sparkling-wine-for-your-special-event-from-australia-in-switzerland-1.jpg 1275w, https:\/\/scutellawines.ch\/wp-content\/uploads\/2023\/03\/red-sparkling-wine-for-your-special-event-from-australia-in-switzerland-1-300x176.jpg 300w, https:\/\/scutellawines.ch\/wp-content\/uploads\/2023\/03\/red-sparkling-wine-for-your-special-event-from-australia-in-switzerland-1-1024x602.jpg 1024w, https:\/\/scutellawines.ch\/wp-content\/uploads\/2023\/03\/red-sparkling-wine-for-your-special-event-from-australia-in-switzerland-1-768x452.jpg 768w, https:\/\/scutellawines.ch\/wp-content\/uploads\/2023\/03\/red-sparkling-wine-for-your-special-event-from-australia-in-switzerland-1-370x218.jpg 370w, https:\/\/scutellawines.ch\/wp-content\/uploads\/2023\/03\/red-sparkling-wine-for-your-special-event-from-australia-in-switzerland-1-840x494.jpg 840w, https:\/\/scutellawines.ch\/wp-content\/uploads\/2023\/03\/red-sparkling-wine-for-your-special-event-from-australia-in-switzerland-1-410x241.jpg 410w\" sizes=\"(max-width: 1275px) 100vw, 1275px\" \/>\t\t\t\t\t\t\t\t\t\t\t\t\t\t\t<\/div>\n\t\t\t\t<\/div>\n\t\t\t\t<div class=\"elementor-element elementor-element-395d2d5 elementor-widget elementor-widget-heading\" data-id=\"395d2d5\" data-element_type=\"widget\" data-e-type=\"widget\" data-widget_type=\"heading.default\">\n\t\t\t\t<div class=\"elementor-widget-container\">\n\t\t\t\t\t<h3 class=\"elementor-heading-title elementor-size-default\">Directement de l'Australie ensoleill\u00e9e \u00e0 la Suisse<\/h3>\t\t\t\t<\/div>\n\t\t\t\t<\/div>\n\t\t\t\t<div class=\"elementor-element elementor-element-a8df827 elementor-widget elementor-widget-text-editor\" data-id=\"a8df827\" data-element_type=\"widget\" data-e-type=\"widget\" data-widget_type=\"text-editor.default\">\n\t\t\t\t<div class=\"elementor-widget-container\">\n\t\t\t\t\t\t\t\t\t<p class=\"MsoNormal\"><span lang=\"EN-US\">Laissez-vous tenter par les saveurs du vin rouge p\u00e9tillant australien, en provenance directe des vignobles ensoleill\u00e9s d'Australie, d\u00e9sormais disponible directement en Suisse. D\u00e9couvrez le go\u00fbt unique de ces vins exceptionnels, tri\u00e9s sur le volet et import\u00e9s avec soin par nos soins.<\/span><\/p>\t\t\t\t\t\t\t\t<\/div>\n\t\t\t\t<\/div>\n\t\t\t\t\t<\/div>\n\t\t<\/div>\n\t\t\t\t<div class=\"elementor-column elementor-col-33 elementor-inner-column elementor-element elementor-element-8887b90\" data-id=\"8887b90\" data-element_type=\"column\" data-e-type=\"column\">\n\t\t\t<div class=\"elementor-widget-wrap elementor-element-populated\">\n\t\t\t\t\t\t<div class=\"elementor-element elementor-element-7532179 elementor-widget elementor-widget-image\" data-id=\"7532179\" data-element_type=\"widget\" data-e-type=\"widget\" data-widget_type=\"image.default\">\n\t\t\t\t<div class=\"elementor-widget-container\">\n\t\t\t\t\t\t\t\t\t\t\t\t\t\t\t<img loading=\"lazy\" decoding=\"async\" width=\"1275\" height=\"750\" src=\"https:\/\/scutellawines.ch\/wp-content\/uploads\/2023\/03\/red-sparkling-wine-for-your-special-event-from-australia-in-switzerland-3.jpg\" class=\"attachment-full size-full wp-image-22468\" alt=\"\" srcset=\"https:\/\/scutellawines.ch\/wp-content\/uploads\/2023\/03\/red-sparkling-wine-for-your-special-event-from-australia-in-switzerland-3.jpg 1275w, https:\/\/scutellawines.ch\/wp-content\/uploads\/2023\/03\/red-sparkling-wine-for-your-special-event-from-australia-in-switzerland-3-300x176.jpg 300w, https:\/\/scutellawines.ch\/wp-content\/uploads\/2023\/03\/red-sparkling-wine-for-your-special-event-from-australia-in-switzerland-3-1024x602.jpg 1024w, https:\/\/scutellawines.ch\/wp-content\/uploads\/2023\/03\/red-sparkling-wine-for-your-special-event-from-australia-in-switzerland-3-768x452.jpg 768w, https:\/\/scutellawines.ch\/wp-content\/uploads\/2023\/03\/red-sparkling-wine-for-your-special-event-from-australia-in-switzerland-3-370x218.jpg 370w, https:\/\/scutellawines.ch\/wp-content\/uploads\/2023\/03\/red-sparkling-wine-for-your-special-event-from-australia-in-switzerland-3-840x494.jpg 840w, https:\/\/scutellawines.ch\/wp-content\/uploads\/2023\/03\/red-sparkling-wine-for-your-special-event-from-australia-in-switzerland-3-410x241.jpg 410w\" sizes=\"(max-width: 1275px) 100vw, 1275px\" \/>\t\t\t\t\t\t\t\t\t\t\t\t\t\t\t<\/div>\n\t\t\t\t<\/div>\n\t\t\t\t<div class=\"elementor-element elementor-element-802faed elementor-widget elementor-widget-heading\" data-id=\"802faed\" data-element_type=\"widget\" data-e-type=\"widget\" data-widget_type=\"heading.default\">\n\t\t\t\t<div class=\"elementor-widget-container\">\n\t\t\t\t\t<h3 class=\"elementor-heading-title elementor-size-default\">Culture durable sous le soleil australien<\/h3>\t\t\t\t<\/div>\n\t\t\t\t<\/div>\n\t\t\t\t<div class=\"elementor-element elementor-element-e062c32 elementor-widget elementor-widget-text-editor\" data-id=\"e062c32\" data-element_type=\"widget\" data-e-type=\"widget\" data-widget_type=\"text-editor.default\">\n\t\t\t\t<div class=\"elementor-widget-container\">\n\t\t\t\t\t\t\t\t\t<p>D\u00e9couvrez le go\u00fbt du vin rouge p\u00e9tillant australien, cultiv\u00e9 de mani\u00e8re durable sous le soleil australien et import\u00e9 directement en Suisse. Exp\u00e9rimentez les riches saveurs de baies sombres, de violettes, de poivre et de ch\u00eane, tout en soutenant des m\u00e9thodes agricoles respectueuses de l'environnement et v\u00e9g\u00e9taliennes.<\/p>\t\t\t\t\t\t\t\t<\/div>\n\t\t\t\t<\/div>\n\t\t\t\t\t<\/div>\n\t\t<\/div>\n\t\t\t\t<div class=\"elementor-column elementor-col-33 elementor-inner-column elementor-element elementor-element-01d57ad\" data-id=\"01d57ad\" data-element_type=\"column\" data-e-type=\"column\">\n\t\t\t<div class=\"elementor-widget-wrap elementor-element-populated\">\n\t\t\t\t\t\t<div class=\"elementor-element elementor-element-b2604f3 elementor-widget elementor-widget-image\" data-id=\"b2604f3\" data-element_type=\"widget\" data-e-type=\"widget\" data-widget_type=\"image.default\">\n\t\t\t\t<div class=\"elementor-widget-container\">\n\t\t\t\t\t\t\t\t\t\t\t\t\t\t\t<img loading=\"lazy\" decoding=\"async\" width=\"1275\" height=\"750\" src=\"https:\/\/scutellawines.ch\/wp-content\/uploads\/2023\/03\/red-sparkling-wine-for-your-special-event-from-australia-in-switzerland-2.jpg\" class=\"attachment-full size-full wp-image-22467\" alt=\"vin mousseux rouge pour votre \u00e9v\u00e9nement sp\u00e9cial d&#039;australie en suisse\" srcset=\"https:\/\/scutellawines.ch\/wp-content\/uploads\/2023\/03\/red-sparkling-wine-for-your-special-event-from-australia-in-switzerland-2.jpg 1275w, https:\/\/scutellawines.ch\/wp-content\/uploads\/2023\/03\/red-sparkling-wine-for-your-special-event-from-australia-in-switzerland-2-300x176.jpg 300w, https:\/\/scutellawines.ch\/wp-content\/uploads\/2023\/03\/red-sparkling-wine-for-your-special-event-from-australia-in-switzerland-2-1024x602.jpg 1024w, https:\/\/scutellawines.ch\/wp-content\/uploads\/2023\/03\/red-sparkling-wine-for-your-special-event-from-australia-in-switzerland-2-768x452.jpg 768w, https:\/\/scutellawines.ch\/wp-content\/uploads\/2023\/03\/red-sparkling-wine-for-your-special-event-from-australia-in-switzerland-2-370x218.jpg 370w, https:\/\/scutellawines.ch\/wp-content\/uploads\/2023\/03\/red-sparkling-wine-for-your-special-event-from-australia-in-switzerland-2-840x494.jpg 840w, https:\/\/scutellawines.ch\/wp-content\/uploads\/2023\/03\/red-sparkling-wine-for-your-special-event-from-australia-in-switzerland-2-410x241.jpg 410w\" sizes=\"(max-width: 1275px) 100vw, 1275px\" \/>\t\t\t\t\t\t\t\t\t\t\t\t\t\t\t<\/div>\n\t\t\t\t<\/div>\n\t\t\t\t<div class=\"elementor-element elementor-element-ff239fd elementor-widget elementor-widget-heading\" data-id=\"ff239fd\" data-element_type=\"widget\" data-e-type=\"widget\" data-widget_type=\"heading.default\">\n\t\t\t\t<div class=\"elementor-widget-container\">\n\t\t\t\t\t<h3 class=\"elementor-heading-title elementor-size-default\">Un accompagnement parfait pour les moments sp\u00e9ciaux<\/h3>\t\t\t\t<\/div>\n\t\t\t\t<\/div>\n\t\t\t\t<div class=\"elementor-element elementor-element-12f6995 elementor-widget elementor-widget-text-editor\" data-id=\"12f6995\" data-element_type=\"widget\" data-e-type=\"widget\" data-widget_type=\"text-editor.default\">\n\t\t\t\t<div class=\"elementor-widget-container\">\n\t\t\t\t\t\t\t\t\t<p>Nous sommes fiers d'offrir \u00e0 nos clients une large s\u00e9lection de vins de qualit\u00e9 sup\u00e9rieure que nous avons soigneusement choisis. Que vous soyez un amateur de vin ou une entreprise cherchant \u00e0 stocker du vin de haute qualit\u00e9 pour vos clients, Scutella Wines vous couvre.<\/p>\t\t\t\t\t\t\t\t<\/div>\n\t\t\t\t<\/div>\n\t\t\t\t\t<\/div>\n\t\t<\/div>\n\t\t\t\t\t<\/div>\n\t\t<\/section>\n\t\t\t\t<div class=\"elementor-element elementor-element-f201def elementor-widget-divider--view-line elementor-widget elementor-widget-divider\" data-id=\"f201def\" data-element_type=\"widget\" data-e-type=\"widget\" data-widget_type=\"divider.default\">\n\t\t\t\t<div class=\"elementor-widget-container\">\n\t\t\t\t\t\t\t<div class=\"elementor-divider\">\n\t\t\t<span class=\"elementor-divider-separator\">\n\t\t\t\t\t\t<\/span>\n\t\t<\/div>\n\t\t\t\t\t\t<\/div>\n\t\t\t\t<\/div>\n\t\t\t\t\t<\/div>\n\t\t<\/div>\n\t\t\t\t\t<\/div>\n\t\t<\/section>\n\t\t\t\t<section class=\"elementor-section elementor-top-section elementor-element elementor-element-e31981b elementor-section-boxed elementor-section-height-default elementor-section-height-default\" data-id=\"e31981b\" data-element_type=\"section\" data-e-type=\"section\" data-settings=\"{&quot;background_background&quot;:&quot;classic&quot;}\">\n\t\t\t\t\t\t\t<div class=\"elementor-background-overlay\"><\/div>\n\t\t\t\t\t\t\t<div class=\"elementor-container elementor-column-gap-default\">\n\t\t\t\t\t<div class=\"elementor-column elementor-col-100 elementor-top-column elementor-element elementor-element-9e87601\" data-id=\"9e87601\" data-element_type=\"column\" data-e-type=\"column\">\n\t\t\t<div class=\"elementor-widget-wrap elementor-element-populated\">\n\t\t\t\t\t\t<div class=\"elementor-element elementor-element-910d9dd elementor-widget elementor-widget-heading\" data-id=\"910d9dd\" data-element_type=\"widget\" data-e-type=\"widget\" data-widget_type=\"heading.default\">\n\t\t\t\t<div class=\"elementor-widget-container\">\n\t\t\t\t\t<h2 class=\"elementor-heading-title elementor-size-default\">En savoir plus sur le vin rouge p\u00e9tillant australien<\/h2>\t\t\t\t<\/div>\n\t\t\t\t<\/div>\n\t\t\t\t<div class=\"elementor-element elementor-element-28305c4 elementor-widget elementor-widget-heading\" data-id=\"28305c4\" data-element_type=\"widget\" data-e-type=\"widget\" data-widget_type=\"heading.default\">\n\t\t\t\t<div class=\"elementor-widget-container\">\n\t\t\t\t\t<h3 class=\"elementor-heading-title elementor-size-default\">Vous pouvez lire ici tous les d\u00e9tails croustillants concernant ce vin sp\u00e9cial.<\/h3>\t\t\t\t<\/div>\n\t\t\t\t<\/div>\n\t\t\t\t\t<\/div>\n\t\t<\/div>\n\t\t\t\t\t<\/div>\n\t\t<\/section>\n\t\t\t\t<\/div>","protected":false},"excerpt":{"rendered":"<p>Comment notre voyage a commenc\u00e9 De l'Australie du Sud \u00e0 la Suisse En grandissant en Australie du Sud, Rob a eu la chance d'\u00eatre entour\u00e9 de quelques-uns des plus beaux vignobles du monde....<\/p>","protected":false},"author":1,"featured_media":0,"parent":0,"menu_order":0,"comment_status":"closed","ping_status":"closed","template":"","meta":{"footnotes":""},"class_list":["post-3750","page","type-page","status-publish","hentry"],"aioseo_notices":[],"_links":{"self":[{"href":"https:\/\/scutellawines.ch\/fr\/wp-json\/wp\/v2\/pages\/3750","targetHints":{"allow":["GET"]}}],"collection":[{"href":"https:\/\/scutellawines.ch\/fr\/wp-json\/wp\/v2\/pages"}],"about":[{"href":"https:\/\/scutellawines.ch\/fr\/wp-json\/wp\/v2\/types\/page"}],"author":[{"embeddable":true,"href":"https:\/\/scutellawines.ch\/fr\/wp-json\/wp\/v2\/users\/1"}],"replies":[{"embeddable":true,"href":"https:\/\/scutellawines.ch\/fr\/wp-json\/wp\/v2\/comments?post=3750"}],"version-history":[{"count":494,"href":"https:\/\/scutellawines.ch\/fr\/wp-json\/wp\/v2\/pages\/3750\/revisions"}],"predecessor-version":[{"id":23998,"href":"https:\/\/scutellawines.ch\/fr\/wp-json\/wp\/v2\/pages\/3750\/revisions\/23998"}],"wp:attachment":[{"href":"https:\/\/scutellawines.ch\/fr\/wp-json\/wp\/v2\/media?parent=3750"}],"curies":[{"name":"wp","href":"https:\/\/api.w.org\/{rel}","templated":true}]}}