{"id":23923,"date":"2024-07-01T18:50:29","date_gmt":"2024-07-01T18:50:29","guid":{"rendered":"https:\/\/scutellawines.ch\/?post_type=product&#038;p=23923"},"modified":"2025-11-25T14:59:27","modified_gmt":"2025-11-25T14:59:27","slug":"hollick-perlwein-merlot-2","status":"publish","type":"product","link":"https:\/\/scutellawines.ch\/de\/product\/hollick-sparkling-merlot-2020\/","title":{"rendered":"Hollick Schaumwein Merlot 2020 Jahrgang"},"content":{"rendered":"","protected":false},"excerpt":{"rendered":"<p>Dieser Wein wird aus 100% Merlot-Trauben aus dem Hollick Coonawarra-Weinberg hergestellt. Er wird seit 1992 von Hollick hergestellt und hat sich seinen Ruf als Wein f\u00fcr jeden feierlichen Anlass bewahrt.<\/p>\n<p>Der Jahrgang 2020 in Coonawarra zeichnet sich durch geringe Mengen hochwertiger Fr\u00fcchte aus. Die Ertr\u00e4ge waren aufgrund der k\u00fchlen Bedingungen, die die Bl\u00fcte und den Fruchtansatz beeintr\u00e4chtigten, deutlich geringer. Die geernteten Fr\u00fcchte waren jedoch von au\u00dfergew\u00f6hnlicher Qualit\u00e4t. Kleine Beeren sorgten f\u00fcr ein hohes Verh\u00e4ltnis von Schale zu Saft, was zu Rotweinen mit gro\u00dfer Fruchtkonzentration und weichen, samtigen Tanninen f\u00fchrte.<\/p>\n<p>Die Fr\u00fcchte f\u00fcr den 2020 Sparkling Merlot wurden geerntet, eingemaischt und dann acht Tage lang in Edelstahltanks auf den Schalen vergoren. Die sekund\u00e4re Hefeg\u00e4rung, die den Wein von einem stillen zu einem prickelnden Wein macht, hat eine feine, anhaltende Perle hervorgebracht, die frisch und fruchtig ist. Ein kleiner Zusatz von Jahrgangsport bei der Dosierung rundet einen samtigen, lang anhaltenden Abgang ab.<\/p>","protected":false},"featured_media":22089,"template":"","meta":[],"product_brand":[],"product_cat":[188],"product_tag":[235],"class_list":{"0":"post-23923","1":"product","2":"type-product","3":"status-publish","4":"has-post-thumbnail","6":"product_cat-sparkling-merlot","7":"product_tag-2020-merlot","9":"first","10":"instock","11":"shipping-taxable","12":"purchasable","13":"product-type-simple"},"aioseo_notices":[],"_links":{"self":[{"href":"https:\/\/scutellawines.ch\/de\/wp-json\/wp\/v2\/product\/23923","targetHints":{"allow":["GET"]}}],"collection":[{"href":"https:\/\/scutellawines.ch\/de\/wp-json\/wp\/v2\/product"}],"about":[{"href":"https:\/\/scutellawines.ch\/de\/wp-json\/wp\/v2\/types\/product"}],"wp:featuredmedia":[{"embeddable":true,"href":"https:\/\/scutellawines.ch\/de\/wp-json\/wp\/v2\/media\/22089"}],"wp:attachment":[{"href":"https:\/\/scutellawines.ch\/de\/wp-json\/wp\/v2\/media?parent=23923"}],"wp:term":[{"taxonomy":"product_brand","embeddable":true,"href":"https:\/\/scutellawines.ch\/de\/wp-json\/wp\/v2\/product_brand?post=23923"},{"taxonomy":"product_cat","embeddable":true,"href":"https:\/\/scutellawines.ch\/de\/wp-json\/wp\/v2\/product_cat?post=23923"},{"taxonomy":"product_tag","embeddable":true,"href":"https:\/\/scutellawines.ch\/de\/wp-json\/wp\/v2\/product_tag?post=23923"}],"curies":[{"name":"wp","href":"https:\/\/api.w.org\/{rel}","templated":true}]}}