{"id":23211,"date":"2023-09-03T11:17:29","date_gmt":"2023-09-03T11:17:29","guid":{"rendered":"https:\/\/scutellawines.ch\/?post_type=product&#038;p=23211"},"modified":"2024-02-14T03:31:08","modified_gmt":"2024-02-14T03:31:08","slug":"rabattbundel","status":"publish","type":"product","link":"https:\/\/scutellawines.ch\/de\/product\/discount-bundle\/","title":{"rendered":"Rabatt-B\u00fcndel"},"content":{"rendered":"","protected":false},"excerpt":{"rendered":"<p>Wir stellen unser Australian Sparkling Red Wine Starter Bundle vor, eine kuratierte Sammlung von sechs au\u00dfergew\u00f6hnlichen Sparkling Red Wines aus Down Under. Dieses Paket pr\u00e4sentiert die lebendigen und einzigartigen Aromen, die australische Schaumweine weltweit bekannt gemacht haben. Egal, ob Sie ein erfahrener Weinliebhaber oder ein Neuling in der Welt der roten Schaumweine sind, dieses Starter-Bundle bietet Ihnen eine hervorragende Gelegenheit, die Vielfalt und Qualit\u00e4t der australischen Weinherstellung zu entdecken.<\/p>\n<p>Auf unvergessliche Momente und auf die Freude an au\u00dfergew\u00f6hnlichen Weinen!<\/p>","protected":false},"featured_media":23796,"template":"","meta":[],"product_brand":[],"product_cat":[233],"product_tag":[224],"class_list":{"0":"post-23211","1":"product","2":"type-product","3":"status-publish","4":"has-post-thumbnail","6":"product_cat-bundle","7":"product_tag-wine-bundle","9":"first","10":"outofstock","11":"sale","12":"shipping-taxable","13":"purchasable","14":"product-type-woosb"},"aioseo_notices":[],"_links":{"self":[{"href":"https:\/\/scutellawines.ch\/de\/wp-json\/wp\/v2\/product\/23211","targetHints":{"allow":["GET"]}}],"collection":[{"href":"https:\/\/scutellawines.ch\/de\/wp-json\/wp\/v2\/product"}],"about":[{"href":"https:\/\/scutellawines.ch\/de\/wp-json\/wp\/v2\/types\/product"}],"wp:featuredmedia":[{"embeddable":true,"href":"https:\/\/scutellawines.ch\/de\/wp-json\/wp\/v2\/media\/23796"}],"wp:attachment":[{"href":"https:\/\/scutellawines.ch\/de\/wp-json\/wp\/v2\/media?parent=23211"}],"wp:term":[{"taxonomy":"product_brand","embeddable":true,"href":"https:\/\/scutellawines.ch\/de\/wp-json\/wp\/v2\/product_brand?post=23211"},{"taxonomy":"product_cat","embeddable":true,"href":"https:\/\/scutellawines.ch\/de\/wp-json\/wp\/v2\/product_cat?post=23211"},{"taxonomy":"product_tag","embeddable":true,"href":"https:\/\/scutellawines.ch\/de\/wp-json\/wp\/v2\/product_tag?post=23211"}],"curies":[{"name":"wp","href":"https:\/\/api.w.org\/{rel}","templated":true}]}}