{"id":21987,"date":"2023-03-11T07:59:58","date_gmt":"2023-03-11T07:59:58","guid":{"rendered":"https:\/\/scutellawines.ch\/?post_type=product&#038;p=21987"},"modified":"2026-03-19T13:39:02","modified_gmt":"2026-03-19T13:39:02","slug":"acht-am-tor-prickelnder-shiraz","status":"publish","type":"product","link":"https:\/\/scutellawines.ch\/de\/product\/eight-at-the-gate-sparkling-shiraz\/","title":{"rendered":"Eight at the Gate Sparkling Shiraz"},"content":{"rendered":"<p><img fetchpriority=\"high\" decoding=\"async\" class=\"alignnone size-medium wp-image-21989\" src=\"http:\/\/scutellawines.ch\/wp-content\/uploads\/2023\/03\/Sparkling-Shiraz-NV-EATG-Bottle-shot_2000x2000px-4-e1678521689321-300x300.png\" alt=\"\" width=\"300\" height=\"300\" srcset=\"https:\/\/scutellawines.ch\/wp-content\/uploads\/2023\/03\/Sparkling-Shiraz-NV-EATG-Bottle-shot_2000x2000px-4-e1678521689321-300x300.png 300w, https:\/\/scutellawines.ch\/wp-content\/uploads\/2023\/03\/Sparkling-Shiraz-NV-EATG-Bottle-shot_2000x2000px-4-e1678521689321-1024x1024.png 1024w, https:\/\/scutellawines.ch\/wp-content\/uploads\/2023\/03\/Sparkling-Shiraz-NV-EATG-Bottle-shot_2000x2000px-4-e1678521689321-150x150.png 150w, https:\/\/scutellawines.ch\/wp-content\/uploads\/2023\/03\/Sparkling-Shiraz-NV-EATG-Bottle-shot_2000x2000px-4-e1678521689321-768x768.png 768w, https:\/\/scutellawines.ch\/wp-content\/uploads\/2023\/03\/Sparkling-Shiraz-NV-EATG-Bottle-shot_2000x2000px-4-e1678521689321-370x370.png 370w, https:\/\/scutellawines.ch\/wp-content\/uploads\/2023\/03\/Sparkling-Shiraz-NV-EATG-Bottle-shot_2000x2000px-4-e1678521689321-120x120.png 120w, https:\/\/scutellawines.ch\/wp-content\/uploads\/2023\/03\/Sparkling-Shiraz-NV-EATG-Bottle-shot_2000x2000px-4-e1678521689321-840x840.png 840w, https:\/\/scutellawines.ch\/wp-content\/uploads\/2023\/03\/Sparkling-Shiraz-NV-EATG-Bottle-shot_2000x2000px-4-e1678521689321-410x410.png 410w, https:\/\/scutellawines.ch\/wp-content\/uploads\/2023\/03\/Sparkling-Shiraz-NV-EATG-Bottle-shot_2000x2000px-4-e1678521689321.png 1200w\" sizes=\"(max-width: 300px) 100vw, 300px\" \/><\/p>","protected":false},"excerpt":{"rendered":"<p>Dieser Sparkling Shiraz wird aus Trauben hergestellt, die von Weinbergen an Australiens gelobter Limestone Coast stammen, und duftet nach Pflaumen und Weihnachtsgew\u00fcrzen. Am Gaumen pr\u00e4sentiert sich dieser Wein mit Kirschen und Gew\u00fcrzen, saftig und mit einem Hauch von Eichen-Komplexit\u00e4t. Da es sich bei allen ausgew\u00e4hlten Jahrg\u00e4ngen um au\u00dfergew\u00f6hnliche Jahrg\u00e4nge handelt, ergibt sich ein starker Sortencharakter, der sie perfekt f\u00fcr einen NV-Verschnitt macht.<\/p>\n<p>Sie werden den herrlichen violetten Schaum lieben, der ihn im Glas so h\u00fcbsch macht, und dieser Wein sollte gek\u00fchlt serviert werden. Dieser erfrischende und nicht zu schwere Shiraz ist ein echter Publikumsliebling und geh\u00f6rt zu einer begrenzten Anzahl von Schaumweinen, die in der ber\u00fchmten Weinregion in Wrattonbully, S\u00fcdaustralien, hergestellt werden.<\/p>\n<p><em>~ <strong>96\/100<\/strong> ausgezeichnet vom Winestate Magazine durch die Mitarbeiter von Wine &amp; Spirits<\/em><\/p>\n<p><em>~<strong> 93\/100<\/strong> ausgezeichnet vom Australian Wine Showcase Magazine durch das Australian Wine Showcase Tasting Panel<\/em><\/p>\n<p><em>~<strong> 92\/100 <\/strong>ausgezeichnet von Wine Orbit by Sam Kim<\/em><\/p>\n<p><em>~ <strong>92\/100<\/strong> ausgezeichnet von The Real Review von Stuart Knox<\/em><\/p>\n<p><em>~ <strong>90\/100<\/strong> ausgezeichnet von Wine Pilot von Ken Gargett<\/em><\/p>","protected":false},"featured_media":21989,"template":"","meta":[],"product_brand":[],"product_cat":[201],"product_tag":[203],"class_list":{"0":"post-21987","1":"product","2":"type-product","3":"status-publish","4":"has-post-thumbnail","6":"product_cat-sparkling-shiraz","7":"product_tag-eight-at-the-gate","9":"first","10":"instock","11":"shipping-taxable","12":"purchasable","13":"product-type-simple"},"aioseo_notices":[],"_links":{"self":[{"href":"https:\/\/scutellawines.ch\/de\/wp-json\/wp\/v2\/product\/21987","targetHints":{"allow":["GET"]}}],"collection":[{"href":"https:\/\/scutellawines.ch\/de\/wp-json\/wp\/v2\/product"}],"about":[{"href":"https:\/\/scutellawines.ch\/de\/wp-json\/wp\/v2\/types\/product"}],"wp:featuredmedia":[{"embeddable":true,"href":"https:\/\/scutellawines.ch\/de\/wp-json\/wp\/v2\/media\/21989"}],"wp:attachment":[{"href":"https:\/\/scutellawines.ch\/de\/wp-json\/wp\/v2\/media?parent=21987"}],"wp:term":[{"taxonomy":"product_brand","embeddable":true,"href":"https:\/\/scutellawines.ch\/de\/wp-json\/wp\/v2\/product_brand?post=21987"},{"taxonomy":"product_cat","embeddable":true,"href":"https:\/\/scutellawines.ch\/de\/wp-json\/wp\/v2\/product_cat?post=21987"},{"taxonomy":"product_tag","embeddable":true,"href":"https:\/\/scutellawines.ch\/de\/wp-json\/wp\/v2\/product_tag?post=21987"}],"curies":[{"name":"wp","href":"https:\/\/api.w.org\/{rel}","templated":true}]}}