{"id":21948,"date":"2023-03-06T19:10:47","date_gmt":"2023-03-06T19:10:47","guid":{"rendered":"https:\/\/scutellawines.ch\/?post_type=product&#038;p=21948"},"modified":"2026-03-04T16:27:43","modified_gmt":"2026-03-04T16:27:43","slug":"schwarzer-kuken-shiraz-schaumig","status":"publish","type":"product","link":"https:\/\/scutellawines.ch\/de\/product\/black-chook-sparkling-shiraz\/","title":{"rendered":"Black Chook Sparkling Shiraz"},"content":{"rendered":"","protected":false},"excerpt":{"rendered":"<p>Dieser Rotwein ohne Jahrgangscharakter gl\u00e4nzt mit einer ausgewogenen Mischung. Das Ergebnis ist ein reichhaltiger, \u00fcppiger Sparkling Shiraz, der s\u00fc\u00dfe dunkle Fr\u00fcchte, fruchtige W\u00fcrze und subtile pikante Noten aufweist. Es ist ein Wein zum Entdecken, also gehen Sie hin und entdecken Sie ihn - Sie werden die Erfahrung lieben!<\/p>\n<p>Eine Mischung aus Shiraz-Chargen, die zwischen 3 und 5 Jahre alt sind, sorgt f\u00fcr Konsistenz in Stil und Qualit\u00e4t. Jede Obstparzelle wird separat in franz\u00f6sischen Eichenf\u00e4ssern gereift, bevor sie mit Shiraz j\u00fcngeren Jahrgangs gemischt wird, was dem Wein \u00fcppige und saftige Fruchtcharaktere und Frische am Gaumen verleiht.<\/p>\n<p><em>~ <strong>91 Punkte<\/strong> ausgezeichnet von Sam Kim, Wine Orbit\u00a0<\/em><\/p>\n<div class=\"elementor-element elementor-element-3532d050 sc_fly_static elementor-widget elementor-widget-woocommerce-product-short-description trx_addons_parallax_layers_inited trx_addons_parallax_blocks_inited\" data-id=\"3532d050\" data-element_type=\"widget\" data-widget_type=\"woocommerce-product-short-description.default\">\n<div class=\"elementor-widget-container\">\n<div class=\"woocommerce-product-details__short-description\">\n<p><em>The Black Chook ist von Sustainable Winegrowing Australia als nachhaltiges Weingut zertifiziert und hat sich dem Umweltschutz und der kontinuierlichen Verbesserung verpflichtet, um qualitativ hochwertige Weine zu produzieren und gleichzeitig den CO2-Fu\u00dfabdruck zu reduzieren und die reichen und wertvollen B\u00f6den zu pflegen.<\/em><\/p>\n<\/div>\n<\/div>\n<\/div>","protected":false},"featured_media":22086,"template":"","meta":[],"product_brand":[],"product_cat":[201],"product_tag":[206],"class_list":{"0":"post-21948","1":"product","2":"type-product","3":"status-publish","4":"has-post-thumbnail","6":"product_cat-sparkling-shiraz","7":"product_tag-black-chook","9":"first","10":"instock","11":"shipping-taxable","12":"purchasable","13":"product-type-simple"},"aioseo_notices":[],"_links":{"self":[{"href":"https:\/\/scutellawines.ch\/de\/wp-json\/wp\/v2\/product\/21948","targetHints":{"allow":["GET"]}}],"collection":[{"href":"https:\/\/scutellawines.ch\/de\/wp-json\/wp\/v2\/product"}],"about":[{"href":"https:\/\/scutellawines.ch\/de\/wp-json\/wp\/v2\/types\/product"}],"wp:featuredmedia":[{"embeddable":true,"href":"https:\/\/scutellawines.ch\/de\/wp-json\/wp\/v2\/media\/22086"}],"wp:attachment":[{"href":"https:\/\/scutellawines.ch\/de\/wp-json\/wp\/v2\/media?parent=21948"}],"wp:term":[{"taxonomy":"product_brand","embeddable":true,"href":"https:\/\/scutellawines.ch\/de\/wp-json\/wp\/v2\/product_brand?post=21948"},{"taxonomy":"product_cat","embeddable":true,"href":"https:\/\/scutellawines.ch\/de\/wp-json\/wp\/v2\/product_cat?post=21948"},{"taxonomy":"product_tag","embeddable":true,"href":"https:\/\/scutellawines.ch\/de\/wp-json\/wp\/v2\/product_tag?post=21948"}],"curies":[{"name":"wp","href":"https:\/\/api.w.org\/{rel}","templated":true}]}}