{"id":21815,"date":"2023-02-16T20:03:31","date_gmt":"2023-02-16T20:03:31","guid":{"rendered":"https:\/\/scutellawines.ch\/?post_type=product&#038;p=21815"},"modified":"2026-02-26T07:14:47","modified_gmt":"2026-02-26T07:14:47","slug":"teusner-mc-sparkling-shiraz-2018","status":"publish","type":"product","link":"https:\/\/scutellawines.ch\/de\/product\/teusner-mc-sparkling-shiraz-2018\/","title":{"rendered":"Teusner MC Sparkling Shiraz 2018 Jahrgang"},"content":{"rendered":"","protected":false},"excerpt":{"rendered":"<p>Die Erstver\u00f6ffentlichung im Jahr 2005 erhielt fantastische Kritiken, und der 2018er wird diese Tradition mit ausgew\u00e4hlten Parzellen alter Rebst\u00f6cke fortsetzen, die speziell f\u00fcr die Herstellung des roten Schaumweins geerntet werden. Und auch dieser Sparkling Shiraz wird wieder mit einem Kronensiegel veredelt.<\/p>\n<p>Eine Best\u00e4tigung f\u00fcr Teusners Entscheidung, nur die besten Barossa-Shiraz-Weinberge f\u00fcr diesen Schaumwein auszuw\u00e4hlen. Teusner neigt dazu, mit der Dosierung sparsam umzugehen: ..... Sie streben einen w\u00fcrzigen, rein fruchtbetonten Stil an, ohne zuckrige Tricks und einen s\u00fc\u00dflichen Abgang. Nach l\u00e4ngerer Zeit auf der Hefe ist der Wein, dem Sie sicher zustimmen werden, ein k\u00f6stlicher Shiraz, der sich mittelfristig im Keller weiter verbessern wird.<\/p>\n<p><em>~ <strong>95 Punkte<\/strong> ausgezeichnet von Campbell Mattinson, Halliday Wine Companion<\/em><\/p>\n<p><em>~ <strong>95 Punkte<\/strong> ausgezeichnet von Dave Brookes, Halliday Wine Companion<\/em><\/p>","protected":false},"featured_media":22087,"template":"","meta":[],"product_brand":[],"product_cat":[201],"product_tag":[234],"class_list":{"0":"post-21815","1":"product","2":"type-product","3":"status-publish","4":"has-post-thumbnail","6":"product_cat-sparkling-shiraz","7":"product_tag-teusner-2018","9":"first","10":"outofstock","11":"shipping-taxable","12":"purchasable","13":"product-type-simple"},"aioseo_notices":[],"_links":{"self":[{"href":"https:\/\/scutellawines.ch\/de\/wp-json\/wp\/v2\/product\/21815","targetHints":{"allow":["GET"]}}],"collection":[{"href":"https:\/\/scutellawines.ch\/de\/wp-json\/wp\/v2\/product"}],"about":[{"href":"https:\/\/scutellawines.ch\/de\/wp-json\/wp\/v2\/types\/product"}],"wp:featuredmedia":[{"embeddable":true,"href":"https:\/\/scutellawines.ch\/de\/wp-json\/wp\/v2\/media\/22087"}],"wp:attachment":[{"href":"https:\/\/scutellawines.ch\/de\/wp-json\/wp\/v2\/media?parent=21815"}],"wp:term":[{"taxonomy":"product_brand","embeddable":true,"href":"https:\/\/scutellawines.ch\/de\/wp-json\/wp\/v2\/product_brand?post=21815"},{"taxonomy":"product_cat","embeddable":true,"href":"https:\/\/scutellawines.ch\/de\/wp-json\/wp\/v2\/product_cat?post=21815"},{"taxonomy":"product_tag","embeddable":true,"href":"https:\/\/scutellawines.ch\/de\/wp-json\/wp\/v2\/product_tag?post=21815"}],"curies":[{"name":"wp","href":"https:\/\/api.w.org\/{rel}","templated":true}]}}