{"id":21574,"date":"2023-02-11T15:49:05","date_gmt":"2023-02-11T15:49:05","guid":{"rendered":"https:\/\/scutellawines.ch\/?post_type=product&#038;p=21574"},"modified":"2026-03-04T16:27:43","modified_gmt":"2026-03-04T16:27:43","slug":"shottesbrooke-sparkling-shiraz","status":"publish","type":"product","link":"https:\/\/scutellawines.ch\/de\/product\/shottesbrooke-sparkling-shiraz\/","title":{"rendered":"Shottesbrooke 1337 Heritage Series Sparkling Shiraz"},"content":{"rendered":"","protected":false},"excerpt":{"rendered":"<p><span dir=\"ltr\" role=\"presentation\">Die Obstparzellen stammen aus dem erstklassigen Weinbaugebiet McLaren Vale. <\/span><span dir=\"ltr\" role=\"presentation\">Die f\u00fcr diesen Wein verwendeten Trauben wurden auf den Schalen vergoren, um die Farbe und Komplexit\u00e4t zu erh\u00f6hen, <\/span><span dir=\"ltr\" role=\"presentation\">bevor sie gepresst und in einer Kombination aus \u00e4lteren franz\u00f6sischen und amerikanischen <\/span><span dir=\"ltr\" role=\"presentation\">Eichenf\u00e4ssern.<\/span><\/p>\n<p><span dir=\"ltr\" role=\"presentation\">Bezugsquelle<\/span> <span dir=\"ltr\" role=\"presentation\">von<\/span> <span dir=\"ltr\" role=\"presentation\">a<\/span> <span dir=\"ltr\" role=\"presentation\">handverlesen<\/span> <span dir=\"ltr\" role=\"presentation\">Sammlung<\/span> <span dir=\"ltr\" role=\"presentation\">von<\/span> <span dir=\"ltr\" role=\"presentation\">Pr\u00e4mie<\/span> <span dir=\"ltr\" role=\"presentation\">Weinberge,<\/span> <span dir=\"ltr\" role=\"presentation\">diese<\/span> <span dir=\"ltr\" role=\"presentation\">Wein<\/span> <span dir=\"ltr\" role=\"presentation\">ist <\/span><span dir=\"ltr\" role=\"presentation\">\u00fcppig und pl\u00fcschig, entwickelt sich wunderbar und wird immer eleganter mit <\/span><span dir=\"ltr\" role=\"presentation\">eine sorgf\u00e4ltige Lagerung und ein wenig Alter.<\/span><\/p>\n<div class=\"elementor-element elementor-element-3532d050 sc_fly_static elementor-widget elementor-widget-woocommerce-product-short-description trx_addons_parallax_layers_inited trx_addons_parallax_blocks_inited\" data-id=\"3532d050\" data-element_type=\"widget\" data-widget_type=\"woocommerce-product-short-description.default\">\n<div class=\"elementor-widget-container\">\n<div class=\"woocommerce-product-details__short-description\">\n<p><em>Shottesbrooke ist von Sustainable Winegrowing Australia als vollst\u00e4ndig nachhaltiges Weingut zertifiziert und hat sich dem Umweltschutz und der kontinuierlichen Verbesserung verpflichtet, um qualitativ hochwertige Weine zu produzieren und gleichzeitig den CO2-Fu\u00dfabdruck zu reduzieren und die reichen und wertvollen B\u00f6den zu pflegen.<\/em><\/p>\n<\/div>\n<\/div>\n<\/div>","protected":false},"featured_media":22084,"template":"","meta":[],"product_brand":[],"product_cat":[201],"product_tag":[204],"class_list":{"0":"post-21574","1":"product","2":"type-product","3":"status-publish","4":"has-post-thumbnail","6":"product_cat-sparkling-shiraz","7":"product_tag-shottesbrooke","9":"first","10":"instock","11":"shipping-taxable","12":"purchasable","13":"product-type-simple"},"aioseo_notices":[],"_links":{"self":[{"href":"https:\/\/scutellawines.ch\/de\/wp-json\/wp\/v2\/product\/21574","targetHints":{"allow":["GET"]}}],"collection":[{"href":"https:\/\/scutellawines.ch\/de\/wp-json\/wp\/v2\/product"}],"about":[{"href":"https:\/\/scutellawines.ch\/de\/wp-json\/wp\/v2\/types\/product"}],"wp:featuredmedia":[{"embeddable":true,"href":"https:\/\/scutellawines.ch\/de\/wp-json\/wp\/v2\/media\/22084"}],"wp:attachment":[{"href":"https:\/\/scutellawines.ch\/de\/wp-json\/wp\/v2\/media?parent=21574"}],"wp:term":[{"taxonomy":"product_brand","embeddable":true,"href":"https:\/\/scutellawines.ch\/de\/wp-json\/wp\/v2\/product_brand?post=21574"},{"taxonomy":"product_cat","embeddable":true,"href":"https:\/\/scutellawines.ch\/de\/wp-json\/wp\/v2\/product_cat?post=21574"},{"taxonomy":"product_tag","embeddable":true,"href":"https:\/\/scutellawines.ch\/de\/wp-json\/wp\/v2\/product_tag?post=21574"}],"curies":[{"name":"wp","href":"https:\/\/api.w.org\/{rel}","templated":true}]}}