{"id":21420,"date":"2023-02-05T16:30:19","date_gmt":"2023-02-05T16:30:19","guid":{"rendered":"https:\/\/scutellawines.ch\/?post_type=product&#038;p=21420"},"modified":"2026-02-27T14:20:36","modified_gmt":"2026-02-27T14:20:36","slug":"hollick-sparkling-merlot","status":"publish","type":"product","link":"https:\/\/scutellawines.ch\/de\/product\/hollick-sparkling-merlot\/","title":{"rendered":"Hollick Schaumwein Merlot 2021 Jahrgang"},"content":{"rendered":"","protected":false},"excerpt":{"rendered":"<p>Dieser Wein wird aus 100% Merlot-Trauben aus dem Hollick Coonawarra-Weinberg hergestellt. Er wird seit 1992 von Hollick hergestellt und hat sich seinen Ruf als Wein f\u00fcr jeden feierlichen Anlass bewahrt.<\/p>\n<p>Der Weinjahrgang 2021 in Coonawarra brachte eine hohe Erntemenge mit qualitativ hochwertigen Fr\u00fcchten. Die lebendige Farbe der Rotweine ist ein herausragendes Merkmal dieses Jahrgangs.<\/p>\n<p>Die Fr\u00fcchte f\u00fcr den 2021 Sparkling Merlot wurden sorgf\u00e4ltig ausgew\u00e4hlt, um die Qualit\u00e4t zu gew\u00e4hrleisten. Die erste G\u00e4rung wurde vor Ort in Edelstahl durchgef\u00fchrt. Die sekund\u00e4re G\u00e4rung wurde in einem Druckbeh\u00e4lter aus Edelstahl abgeschlossen und dann in Flaschen abgef\u00fcllt. Das Ergebnis ist eine feine, anhaltende Perle, die den Gaumen mit leuchtend roten Fr\u00fcchten verw\u00f6hnt.<\/p>","protected":false},"featured_media":22089,"template":"","meta":[],"product_brand":[],"product_cat":[188],"product_tag":[202],"class_list":{"0":"post-21420","1":"product","2":"type-product","3":"status-publish","4":"has-post-thumbnail","6":"product_cat-sparkling-merlot","7":"product_tag-hollick","9":"first","10":"instock","11":"shipping-taxable","12":"purchasable","13":"product-type-simple"},"aioseo_notices":[],"_links":{"self":[{"href":"https:\/\/scutellawines.ch\/de\/wp-json\/wp\/v2\/product\/21420","targetHints":{"allow":["GET"]}}],"collection":[{"href":"https:\/\/scutellawines.ch\/de\/wp-json\/wp\/v2\/product"}],"about":[{"href":"https:\/\/scutellawines.ch\/de\/wp-json\/wp\/v2\/types\/product"}],"wp:featuredmedia":[{"embeddable":true,"href":"https:\/\/scutellawines.ch\/de\/wp-json\/wp\/v2\/media\/22089"}],"wp:attachment":[{"href":"https:\/\/scutellawines.ch\/de\/wp-json\/wp\/v2\/media?parent=21420"}],"wp:term":[{"taxonomy":"product_brand","embeddable":true,"href":"https:\/\/scutellawines.ch\/de\/wp-json\/wp\/v2\/product_brand?post=21420"},{"taxonomy":"product_cat","embeddable":true,"href":"https:\/\/scutellawines.ch\/de\/wp-json\/wp\/v2\/product_cat?post=21420"},{"taxonomy":"product_tag","embeddable":true,"href":"https:\/\/scutellawines.ch\/de\/wp-json\/wp\/v2\/product_tag?post=21420"}],"curies":[{"name":"wp","href":"https:\/\/api.w.org\/{rel}","templated":true}]}}