{"id":3750,"date":"2020-05-26T12:53:00","date_gmt":"2020-05-26T12:53:00","guid":{"rendered":"https:\/\/scutellawines.ch\/?page_id=3750"},"modified":"2025-11-23T11:53:37","modified_gmt":"2025-11-23T11:53:37","slug":"uber-uns","status":"publish","type":"page","link":"https:\/\/scutellawines.ch\/de\/about-us\/","title":{"rendered":"\u00dcber uns"},"content":{"rendered":"<div data-elementor-type=\"wp-page\" data-elementor-id=\"3750\" class=\"elementor elementor-3750\" data-elementor-post-type=\"page\">\n\t\t\t\t\t\t<section class=\"elementor-section elementor-top-section elementor-element elementor-element-767815b elementor-section-boxed elementor-section-height-default elementor-section-height-default\" data-id=\"767815b\" data-element_type=\"section\" data-e-type=\"section\" data-settings=\"{&quot;background_background&quot;:&quot;classic&quot;}\">\n\t\t\t\t\t\t<div class=\"elementor-container elementor-column-gap-default\">\n\t\t\t\t\t<div class=\"elementor-column elementor-col-50 elementor-top-column elementor-element elementor-element-34f2546\" data-id=\"34f2546\" data-element_type=\"column\" data-e-type=\"column\">\n\t\t\t<div class=\"elementor-widget-wrap elementor-element-populated\">\n\t\t\t\t\t\t<div class=\"elementor-element elementor-element-aebbd7d elementor-widget elementor-widget-image\" data-id=\"aebbd7d\" data-element_type=\"widget\" data-e-type=\"widget\" data-widget_type=\"image.default\">\n\t\t\t\t<div class=\"elementor-widget-container\">\n\t\t\t\t\t\t\t\t\t\t\t\t\t\t\t<img fetchpriority=\"high\" decoding=\"async\" width=\"2560\" height=\"1997\" src=\"https:\/\/scutellawines.ch\/wp-content\/uploads\/2023\/04\/IMG_0150-1-scaled.jpg\" class=\"attachment-full size-full wp-image-22914\" alt=\"Scutella Weine Rotweine mit Kohlens\u00e4ure\" srcset=\"https:\/\/scutellawines.ch\/wp-content\/uploads\/2023\/04\/IMG_0150-1-scaled.jpg 2560w, https:\/\/scutellawines.ch\/wp-content\/uploads\/2023\/04\/IMG_0150-1-700x546.jpg 700w, https:\/\/scutellawines.ch\/wp-content\/uploads\/2023\/04\/IMG_0150-1-1024x799.jpg 1024w, https:\/\/scutellawines.ch\/wp-content\/uploads\/2023\/04\/IMG_0150-1-768x599.jpg 768w, https:\/\/scutellawines.ch\/wp-content\/uploads\/2023\/04\/IMG_0150-1-1536x1198.jpg 1536w, https:\/\/scutellawines.ch\/wp-content\/uploads\/2023\/04\/IMG_0150-1-2048x1597.jpg 2048w, https:\/\/scutellawines.ch\/wp-content\/uploads\/2023\/04\/IMG_0150-1-370x289.jpg 370w, https:\/\/scutellawines.ch\/wp-content\/uploads\/2023\/04\/IMG_0150-1-840x655.jpg 840w, https:\/\/scutellawines.ch\/wp-content\/uploads\/2023\/04\/IMG_0150-1-410x320.jpg 410w, https:\/\/scutellawines.ch\/wp-content\/uploads\/2023\/04\/IMG_0150-1-300x234.jpg 300w\" sizes=\"(max-width: 2560px) 100vw, 2560px\" \/>\t\t\t\t\t\t\t\t\t\t\t\t\t\t\t<\/div>\n\t\t\t\t<\/div>\n\t\t\t\t\t<\/div>\n\t\t<\/div>\n\t\t\t\t<div class=\"elementor-column elementor-col-50 elementor-top-column elementor-element elementor-element-e41fe8f\" data-id=\"e41fe8f\" data-element_type=\"column\" data-e-type=\"column\">\n\t\t\t<div class=\"elementor-widget-wrap elementor-element-populated\">\n\t\t\t\t\t\t<div class=\"elementor-element elementor-element-9daa65a elementor-widget elementor-widget-heading\" data-id=\"9daa65a\" data-element_type=\"widget\" data-e-type=\"widget\" data-widget_type=\"heading.default\">\n\t\t\t\t<div class=\"elementor-widget-container\">\n\t\t\t\t\t<h2 class=\"elementor-heading-title elementor-size-default\">Wie unsere Reise begann <\/h2>\t\t\t\t<\/div>\n\t\t\t\t<\/div>\n\t\t\t\t<div class=\"elementor-element elementor-element-c34f0f7 elementor-widget elementor-widget-heading\" data-id=\"c34f0f7\" data-element_type=\"widget\" data-e-type=\"widget\" data-widget_type=\"heading.default\">\n\t\t\t\t<div class=\"elementor-widget-container\">\n\t\t\t\t\t<h3 class=\"elementor-heading-title elementor-size-default\">Von S\u00fcdaustralien in die Schweiz<\/h3>\t\t\t\t<\/div>\n\t\t\t\t<\/div>\n\t\t\t\t<div class=\"elementor-element elementor-element-04bbdb0 elementor-widget elementor-widget-text-editor\" data-id=\"04bbdb0\" data-element_type=\"widget\" data-e-type=\"widget\" data-widget_type=\"text-editor.default\">\n\t\t\t\t<div class=\"elementor-widget-container\">\n\t\t\t\t\t\t\t\t\t<p>Rob wuchs in S\u00fcdaustralien auf und hatte das Gl\u00fcck, von einigen der sch\u00f6nsten Weinberge der Welt umgeben zu sein. Sein Vater, ein selbsternannter Sommelier, vermittelte Rob sein Wissen und seine Liebe zum Wein und weckte damit eine lebenslange Faszination f\u00fcr die Welt des Weins.<\/p>\n<p>W\u00e4hrend einer Reise nach Australien probierte Ninette zum ersten Mal einen roten Schaumwein und war tief beeindruckt. Die komplexe Mischung aus dunklen Beeren, Veilchen, Pfeffer und Eichenaromen hinterlie\u00df bei ihr einen bleibenden Eindruck, und sie wollte diese Erfahrung unbedingt mit anderen teilen.&nbsp;<span style=\"font-size: 17px; background-color: var(--theme-color-bg_color); letter-spacing: 0px;\">Mit ihrer gemeinsamen Leidenschaft f\u00fcr diesen einzigartigen Wein gr\u00fcndeten Ninette und Rob ein Unternehmen, das sich dem Import und Vertrieb von erstklassigen roten Schaumweinen aus Australien auf dem Schweizer Markt widmet.&nbsp;<\/span><\/p>\n<p>Neben ihren erfolgreichen Karrieren als Juristen in der Finanzdienstleistungsbranche widmen sie sich nun mit Leidenschaft der Verkostung au\u00dfergew\u00f6hnlicher Weine aus S\u00fcdaustralien.<\/p>\t\t\t\t\t\t\t\t<\/div>\n\t\t\t\t<\/div>\n\t\t\t\t\t<\/div>\n\t\t<\/div>\n\t\t\t\t\t<\/div>\n\t\t<\/section>\n\t\t\t\t<section class=\"elementor-section elementor-top-section elementor-element elementor-element-d80bc7f elementor-reverse-mobile elementor-section-boxed elementor-section-height-default elementor-section-height-default\" data-id=\"d80bc7f\" data-element_type=\"section\" data-e-type=\"section\" data-settings=\"{&quot;background_background&quot;:&quot;classic&quot;}\">\n\t\t\t\t\t\t<div class=\"elementor-container elementor-column-gap-default\">\n\t\t\t\t\t<div class=\"elementor-column elementor-col-50 elementor-top-column elementor-element elementor-element-42836fd\" data-id=\"42836fd\" data-element_type=\"column\" data-e-type=\"column\">\n\t\t\t<div class=\"elementor-widget-wrap elementor-element-populated\">\n\t\t\t\t\t\t<div class=\"elementor-element elementor-element-36809b5 elementor-widget elementor-widget-heading\" data-id=\"36809b5\" data-element_type=\"widget\" data-e-type=\"widget\" data-widget_type=\"heading.default\">\n\t\t\t\t<div class=\"elementor-widget-container\">\n\t\t\t\t\t<h2 class=\"elementor-heading-title elementor-size-default\">\u00dcber Scutella Wines<\/h2>\t\t\t\t<\/div>\n\t\t\t\t<\/div>\n\t\t\t\t<div class=\"elementor-element elementor-element-941503c elementor-widget elementor-widget-heading\" data-id=\"941503c\" data-element_type=\"widget\" data-e-type=\"widget\" data-widget_type=\"heading.default\">\n\t\t\t\t<div class=\"elementor-widget-container\">\n\t\t\t\t\t<h3 class=\"elementor-heading-title elementor-size-default\">Embrace the sparkle, savor the red<\/h3>\t\t\t\t<\/div>\n\t\t\t\t<\/div>\n\t\t\t\t<div class=\"elementor-element elementor-element-8d13ec6 elementor-widget elementor-widget-text-editor\" data-id=\"8d13ec6\" data-element_type=\"widget\" data-e-type=\"widget\" data-widget_type=\"text-editor.default\">\n\t\t\t\t<div class=\"elementor-widget-container\">\n\t\t\t\t\t\t\t\t\t<p>Wir von Scutella Wines haben es uns zur Aufgabe gemacht, die Nachfrage der Verbraucher nach neuen Weinstilen auf einem sich st\u00e4ndig weiterentwickelnden Markt zu befriedigen. Als unabh\u00e4ngige Importeure und Vertriebsh\u00e4ndler importieren wir nur original abgef\u00fcllte Weine von renommierten australischen Weing\u00fctern. Unsere handverlesenen Sparkling Red Wines bieten ein attraktives Preis-Leistungs-Verh\u00e4ltnis.\u00a0<\/p>\t\t\t\t\t\t\t\t<\/div>\n\t\t\t\t<\/div>\n\t\t\t\t<div class=\"elementor-element elementor-element-232d9e9 elementor-widget elementor-widget-text-editor\" data-id=\"232d9e9\" data-element_type=\"widget\" data-e-type=\"widget\" data-widget_type=\"text-editor.default\">\n\t\t\t\t<div class=\"elementor-widget-container\">\n\t\t\t\t\t\t\t\t\t<p><span style=\"font-family: 'Times New Roman', sans-serif; font-size: 17px; font-style: normal; font-weight: 400;\">Genie\u00dfen Sie besondere Momente mit einem Glas unseres prickelnden Rotweins.<\/span><\/p>\t\t\t\t\t\t\t\t<\/div>\n\t\t\t\t<\/div>\n\t\t\t\t<div class=\"elementor-element elementor-element-f00853b elementor-widget elementor-widget-text-editor\" data-id=\"f00853b\" data-element_type=\"widget\" data-e-type=\"widget\" data-widget_type=\"text-editor.default\">\n\t\t\t\t<div class=\"elementor-widget-container\">\n\t\t\t\t\t\t\t\t\t<p>Ninette und Rob<\/p>\t\t\t\t\t\t\t\t<\/div>\n\t\t\t\t<\/div>\n\t\t\t\t\t<\/div>\n\t\t<\/div>\n\t\t\t\t<div class=\"elementor-column elementor-col-50 elementor-top-column elementor-element elementor-element-0ac04ae\" data-id=\"0ac04ae\" data-element_type=\"column\" data-e-type=\"column\">\n\t\t\t<div class=\"elementor-widget-wrap elementor-element-populated\">\n\t\t\t\t\t\t<div class=\"elementor-element elementor-element-e09d823 elementor-widget elementor-widget-image\" data-id=\"e09d823\" data-element_type=\"widget\" data-e-type=\"widget\" data-widget_type=\"image.default\">\n\t\t\t\t<div class=\"elementor-widget-container\">\n\t\t\t\t\t\t\t\t\t\t\t\t\t\t\t<img decoding=\"async\" width=\"1275\" height=\"975\" src=\"https:\/\/scutellawines.ch\/wp-content\/uploads\/2023\/03\/sparkling-red-wine-from-australia-online-shop.jpg\" class=\"attachment-full size-full wp-image-22455\" alt=\"schaumiger rotwein aus australien online shop\" srcset=\"https:\/\/scutellawines.ch\/wp-content\/uploads\/2023\/03\/sparkling-red-wine-from-australia-online-shop.jpg 1275w, https:\/\/scutellawines.ch\/wp-content\/uploads\/2023\/03\/sparkling-red-wine-from-australia-online-shop-300x229.jpg 300w, https:\/\/scutellawines.ch\/wp-content\/uploads\/2023\/03\/sparkling-red-wine-from-australia-online-shop-1024x783.jpg 1024w, https:\/\/scutellawines.ch\/wp-content\/uploads\/2023\/03\/sparkling-red-wine-from-australia-online-shop-768x587.jpg 768w, https:\/\/scutellawines.ch\/wp-content\/uploads\/2023\/03\/sparkling-red-wine-from-australia-online-shop-370x283.jpg 370w, https:\/\/scutellawines.ch\/wp-content\/uploads\/2023\/03\/sparkling-red-wine-from-australia-online-shop-840x642.jpg 840w, https:\/\/scutellawines.ch\/wp-content\/uploads\/2023\/03\/sparkling-red-wine-from-australia-online-shop-410x314.jpg 410w\" sizes=\"(max-width: 1275px) 100vw, 1275px\" \/>\t\t\t\t\t\t\t\t\t\t\t\t\t\t\t<\/div>\n\t\t\t\t<\/div>\n\t\t\t\t\t<\/div>\n\t\t<\/div>\n\t\t\t\t\t<\/div>\n\t\t<\/section>\n\t\t\t\t<section class=\"elementor-section elementor-top-section elementor-element elementor-element-35b3b54 elementor-section-boxed elementor-section-height-default elementor-section-height-default\" data-id=\"35b3b54\" data-element_type=\"section\" data-e-type=\"section\">\n\t\t\t\t\t\t<div class=\"elementor-container elementor-column-gap-default\">\n\t\t\t\t\t<div class=\"elementor-column elementor-col-100 elementor-top-column elementor-element elementor-element-6d9c6f2\" data-id=\"6d9c6f2\" data-element_type=\"column\" data-e-type=\"column\">\n\t\t\t<div class=\"elementor-widget-wrap elementor-element-populated\">\n\t\t\t\t\t\t<div class=\"elementor-element elementor-element-321e56e elementor-widget elementor-widget-heading\" data-id=\"321e56e\" data-element_type=\"widget\" data-e-type=\"widget\" data-widget_type=\"heading.default\">\n\t\t\t\t<div class=\"elementor-widget-container\">\n\t\t\t\t\t<h2 class=\"elementor-heading-title elementor-size-default\">Entdecken Sie unsere prickelnden Rotweine<\/h2>\t\t\t\t<\/div>\n\t\t\t\t<\/div>\n\t\t\t\t<div class=\"elementor-element elementor-element-edde500 elementor-widget elementor-widget-heading\" data-id=\"edde500\" data-element_type=\"widget\" data-e-type=\"widget\" data-widget_type=\"heading.default\">\n\t\t\t\t<div class=\"elementor-widget-container\">\n\t\t\t\t\t<h3 class=\"elementor-heading-title elementor-size-default\">Pop, Fizz, Sip: Experience the Bubbles of Joy with our Sparkling Red Wines<\/h3>\t\t\t\t<\/div>\n\t\t\t\t<\/div>\n\t\t\t\t<section class=\"elementor-section elementor-inner-section elementor-element elementor-element-b93e2df elementor-section-boxed elementor-section-height-default elementor-section-height-default\" data-id=\"b93e2df\" data-element_type=\"section\" data-e-type=\"section\">\n\t\t\t\t\t\t<div class=\"elementor-container elementor-column-gap-default\">\n\t\t\t\t\t<div class=\"elementor-column elementor-col-33 elementor-inner-column elementor-element elementor-element-1daa9f3\" data-id=\"1daa9f3\" data-element_type=\"column\" data-e-type=\"column\">\n\t\t\t<div class=\"elementor-widget-wrap elementor-element-populated\">\n\t\t\t\t\t\t<div class=\"elementor-element elementor-element-ad2c86f elementor-widget elementor-widget-image\" data-id=\"ad2c86f\" data-element_type=\"widget\" data-e-type=\"widget\" data-settings=\"{&quot;motion_fx_motion_fx_mouse&quot;:&quot;yes&quot;}\" data-widget_type=\"image.default\">\n\t\t\t\t<div class=\"elementor-widget-container\">\n\t\t\t\t\t\t\t\t\t\t\t\t\t\t\t<img decoding=\"async\" width=\"1275\" height=\"750\" src=\"https:\/\/scutellawines.ch\/wp-content\/uploads\/2023\/03\/red-sparkling-wine-for-your-special-event-from-australia-in-switzerland-1.jpg\" class=\"attachment-full size-full wp-image-22466\" alt=\"roter schaumwein f\u00fcr ihren besonderen anlass aus australien in der schweiz\" srcset=\"https:\/\/scutellawines.ch\/wp-content\/uploads\/2023\/03\/red-sparkling-wine-for-your-special-event-from-australia-in-switzerland-1.jpg 1275w, https:\/\/scutellawines.ch\/wp-content\/uploads\/2023\/03\/red-sparkling-wine-for-your-special-event-from-australia-in-switzerland-1-300x176.jpg 300w, https:\/\/scutellawines.ch\/wp-content\/uploads\/2023\/03\/red-sparkling-wine-for-your-special-event-from-australia-in-switzerland-1-1024x602.jpg 1024w, https:\/\/scutellawines.ch\/wp-content\/uploads\/2023\/03\/red-sparkling-wine-for-your-special-event-from-australia-in-switzerland-1-768x452.jpg 768w, https:\/\/scutellawines.ch\/wp-content\/uploads\/2023\/03\/red-sparkling-wine-for-your-special-event-from-australia-in-switzerland-1-370x218.jpg 370w, https:\/\/scutellawines.ch\/wp-content\/uploads\/2023\/03\/red-sparkling-wine-for-your-special-event-from-australia-in-switzerland-1-840x494.jpg 840w, https:\/\/scutellawines.ch\/wp-content\/uploads\/2023\/03\/red-sparkling-wine-for-your-special-event-from-australia-in-switzerland-1-410x241.jpg 410w\" sizes=\"(max-width: 1275px) 100vw, 1275px\" \/>\t\t\t\t\t\t\t\t\t\t\t\t\t\t\t<\/div>\n\t\t\t\t<\/div>\n\t\t\t\t<div class=\"elementor-element elementor-element-395d2d5 elementor-widget elementor-widget-heading\" data-id=\"395d2d5\" data-element_type=\"widget\" data-e-type=\"widget\" data-widget_type=\"heading.default\">\n\t\t\t\t<div class=\"elementor-widget-container\">\n\t\t\t\t\t<h3 class=\"elementor-heading-title elementor-size-default\">Direkt vom sonnigen Australien in die Schweiz<\/h3>\t\t\t\t<\/div>\n\t\t\t\t<\/div>\n\t\t\t\t<div class=\"elementor-element elementor-element-a8df827 elementor-widget elementor-widget-text-editor\" data-id=\"a8df827\" data-element_type=\"widget\" data-e-type=\"widget\" data-widget_type=\"text-editor.default\">\n\t\t\t\t<div class=\"elementor-widget-container\">\n\t\t\t\t\t\t\t\t\t<p class=\"MsoNormal\"><span lang=\"EN-US\">Geniessen Sie die Aromen des australischen roten Schaumweins, der direkt aus den sonnigen Weinbergen Australiens kommt und nun auch in der Schweiz erh\u00e4ltlich ist. Erleben Sie den einzigartigen Geschmack dieser aussergew\u00f6hnlichen Weine, die wir mit Sorgfalt handverlesen und importiert haben.<\/span><\/p>\t\t\t\t\t\t\t\t<\/div>\n\t\t\t\t<\/div>\n\t\t\t\t\t<\/div>\n\t\t<\/div>\n\t\t\t\t<div class=\"elementor-column elementor-col-33 elementor-inner-column elementor-element elementor-element-8887b90\" data-id=\"8887b90\" data-element_type=\"column\" data-e-type=\"column\">\n\t\t\t<div class=\"elementor-widget-wrap elementor-element-populated\">\n\t\t\t\t\t\t<div class=\"elementor-element elementor-element-7532179 elementor-widget elementor-widget-image\" data-id=\"7532179\" data-element_type=\"widget\" data-e-type=\"widget\" data-widget_type=\"image.default\">\n\t\t\t\t<div class=\"elementor-widget-container\">\n\t\t\t\t\t\t\t\t\t\t\t\t\t\t\t<img loading=\"lazy\" decoding=\"async\" width=\"1275\" height=\"750\" src=\"https:\/\/scutellawines.ch\/wp-content\/uploads\/2023\/03\/red-sparkling-wine-for-your-special-event-from-australia-in-switzerland-3.jpg\" class=\"attachment-full size-full wp-image-22468\" alt=\"\" srcset=\"https:\/\/scutellawines.ch\/wp-content\/uploads\/2023\/03\/red-sparkling-wine-for-your-special-event-from-australia-in-switzerland-3.jpg 1275w, https:\/\/scutellawines.ch\/wp-content\/uploads\/2023\/03\/red-sparkling-wine-for-your-special-event-from-australia-in-switzerland-3-300x176.jpg 300w, https:\/\/scutellawines.ch\/wp-content\/uploads\/2023\/03\/red-sparkling-wine-for-your-special-event-from-australia-in-switzerland-3-1024x602.jpg 1024w, https:\/\/scutellawines.ch\/wp-content\/uploads\/2023\/03\/red-sparkling-wine-for-your-special-event-from-australia-in-switzerland-3-768x452.jpg 768w, https:\/\/scutellawines.ch\/wp-content\/uploads\/2023\/03\/red-sparkling-wine-for-your-special-event-from-australia-in-switzerland-3-370x218.jpg 370w, https:\/\/scutellawines.ch\/wp-content\/uploads\/2023\/03\/red-sparkling-wine-for-your-special-event-from-australia-in-switzerland-3-840x494.jpg 840w, https:\/\/scutellawines.ch\/wp-content\/uploads\/2023\/03\/red-sparkling-wine-for-your-special-event-from-australia-in-switzerland-3-410x241.jpg 410w\" sizes=\"(max-width: 1275px) 100vw, 1275px\" \/>\t\t\t\t\t\t\t\t\t\t\t\t\t\t\t<\/div>\n\t\t\t\t<\/div>\n\t\t\t\t<div class=\"elementor-element elementor-element-802faed elementor-widget elementor-widget-heading\" data-id=\"802faed\" data-element_type=\"widget\" data-e-type=\"widget\" data-widget_type=\"heading.default\">\n\t\t\t\t<div class=\"elementor-widget-container\">\n\t\t\t\t\t<h3 class=\"elementor-heading-title elementor-size-default\">Nachhaltig angebaut unter der Sonne Australiens<\/h3>\t\t\t\t<\/div>\n\t\t\t\t<\/div>\n\t\t\t\t<div class=\"elementor-element elementor-element-e062c32 elementor-widget elementor-widget-text-editor\" data-id=\"e062c32\" data-element_type=\"widget\" data-e-type=\"widget\" data-widget_type=\"text-editor.default\">\n\t\t\t\t<div class=\"elementor-widget-container\">\n\t\t\t\t\t\t\t\t\t<p>Entdecken Sie den Geschmack von australischem Schaumwein, der unter der Sonne Australiens nachhaltig angebaut und direkt in die Schweiz importiert wird. Erleben Sie die reichen Aromen von dunklen Beeren, Veilchen, Pfeffer und Eiche und unterst\u00fctzen Sie gleichzeitig umweltbewusste und vegane Anbaumethoden.<\/p>\t\t\t\t\t\t\t\t<\/div>\n\t\t\t\t<\/div>\n\t\t\t\t\t<\/div>\n\t\t<\/div>\n\t\t\t\t<div class=\"elementor-column elementor-col-33 elementor-inner-column elementor-element elementor-element-01d57ad\" data-id=\"01d57ad\" data-element_type=\"column\" data-e-type=\"column\">\n\t\t\t<div class=\"elementor-widget-wrap elementor-element-populated\">\n\t\t\t\t\t\t<div class=\"elementor-element elementor-element-b2604f3 elementor-widget elementor-widget-image\" data-id=\"b2604f3\" data-element_type=\"widget\" data-e-type=\"widget\" data-widget_type=\"image.default\">\n\t\t\t\t<div class=\"elementor-widget-container\">\n\t\t\t\t\t\t\t\t\t\t\t\t\t\t\t<img loading=\"lazy\" decoding=\"async\" width=\"1275\" height=\"750\" src=\"https:\/\/scutellawines.ch\/wp-content\/uploads\/2023\/03\/red-sparkling-wine-for-your-special-event-from-australia-in-switzerland-2.jpg\" class=\"attachment-full size-full wp-image-22467\" alt=\"roter schaumwein f\u00fcr ihren besonderen anlass aus australien in der schweiz\" srcset=\"https:\/\/scutellawines.ch\/wp-content\/uploads\/2023\/03\/red-sparkling-wine-for-your-special-event-from-australia-in-switzerland-2.jpg 1275w, https:\/\/scutellawines.ch\/wp-content\/uploads\/2023\/03\/red-sparkling-wine-for-your-special-event-from-australia-in-switzerland-2-300x176.jpg 300w, https:\/\/scutellawines.ch\/wp-content\/uploads\/2023\/03\/red-sparkling-wine-for-your-special-event-from-australia-in-switzerland-2-1024x602.jpg 1024w, https:\/\/scutellawines.ch\/wp-content\/uploads\/2023\/03\/red-sparkling-wine-for-your-special-event-from-australia-in-switzerland-2-768x452.jpg 768w, https:\/\/scutellawines.ch\/wp-content\/uploads\/2023\/03\/red-sparkling-wine-for-your-special-event-from-australia-in-switzerland-2-370x218.jpg 370w, https:\/\/scutellawines.ch\/wp-content\/uploads\/2023\/03\/red-sparkling-wine-for-your-special-event-from-australia-in-switzerland-2-840x494.jpg 840w, https:\/\/scutellawines.ch\/wp-content\/uploads\/2023\/03\/red-sparkling-wine-for-your-special-event-from-australia-in-switzerland-2-410x241.jpg 410w\" sizes=\"(max-width: 1275px) 100vw, 1275px\" \/>\t\t\t\t\t\t\t\t\t\t\t\t\t\t\t<\/div>\n\t\t\t\t<\/div>\n\t\t\t\t<div class=\"elementor-element elementor-element-ff239fd elementor-widget elementor-widget-heading\" data-id=\"ff239fd\" data-element_type=\"widget\" data-e-type=\"widget\" data-widget_type=\"heading.default\">\n\t\t\t\t<div class=\"elementor-widget-container\">\n\t\t\t\t\t<h3 class=\"elementor-heading-title elementor-size-default\">Perfekte Begleitung f\u00fcr besondere Momente<\/h3>\t\t\t\t<\/div>\n\t\t\t\t<\/div>\n\t\t\t\t<div class=\"elementor-element elementor-element-12f6995 elementor-widget elementor-widget-text-editor\" data-id=\"12f6995\" data-element_type=\"widget\" data-e-type=\"widget\" data-widget_type=\"text-editor.default\">\n\t\t\t\t<div class=\"elementor-widget-container\">\n\t\t\t\t\t\t\t\t\t<p>Wir sind stolz darauf, unseren Kunden eine gro\u00dfe Auswahl an hochwertigen Weinen anbieten zu k\u00f6nnen, die von uns sorgf\u00e4ltig ausgew\u00e4hlt wurden. Egal, ob Sie ein Weinliebhaber sind oder ein Unternehmen, das seine Kunden mit hochwertigen Weinen versorgen m\u00f6chte, bei Scutella Wines sind Sie richtig.<\/p>\t\t\t\t\t\t\t\t<\/div>\n\t\t\t\t<\/div>\n\t\t\t\t\t<\/div>\n\t\t<\/div>\n\t\t\t\t\t<\/div>\n\t\t<\/section>\n\t\t\t\t<div class=\"elementor-element elementor-element-f201def elementor-widget-divider--view-line elementor-widget elementor-widget-divider\" data-id=\"f201def\" data-element_type=\"widget\" data-e-type=\"widget\" data-widget_type=\"divider.default\">\n\t\t\t\t<div class=\"elementor-widget-container\">\n\t\t\t\t\t\t\t<div class=\"elementor-divider\">\n\t\t\t<span class=\"elementor-divider-separator\">\n\t\t\t\t\t\t<\/span>\n\t\t<\/div>\n\t\t\t\t\t\t<\/div>\n\t\t\t\t<\/div>\n\t\t\t\t\t<\/div>\n\t\t<\/div>\n\t\t\t\t\t<\/div>\n\t\t<\/section>\n\t\t\t\t<section class=\"elementor-section elementor-top-section elementor-element elementor-element-e31981b elementor-section-boxed elementor-section-height-default elementor-section-height-default\" data-id=\"e31981b\" data-element_type=\"section\" data-e-type=\"section\" data-settings=\"{&quot;background_background&quot;:&quot;classic&quot;}\">\n\t\t\t\t\t\t\t<div class=\"elementor-background-overlay\"><\/div>\n\t\t\t\t\t\t\t<div class=\"elementor-container elementor-column-gap-default\">\n\t\t\t\t\t<div class=\"elementor-column elementor-col-100 elementor-top-column elementor-element elementor-element-9e87601\" data-id=\"9e87601\" data-element_type=\"column\" data-e-type=\"column\">\n\t\t\t<div class=\"elementor-widget-wrap elementor-element-populated\">\n\t\t\t\t\t\t<div class=\"elementor-element elementor-element-910d9dd elementor-widget elementor-widget-heading\" data-id=\"910d9dd\" data-element_type=\"widget\" data-e-type=\"widget\" data-widget_type=\"heading.default\">\n\t\t\t\t<div class=\"elementor-widget-container\">\n\t\t\t\t\t<h2 class=\"elementor-heading-title elementor-size-default\">Erfahren Sie mehr \u00fcber australischen roten Schaumwein<\/h2>\t\t\t\t<\/div>\n\t\t\t\t<\/div>\n\t\t\t\t<div class=\"elementor-element elementor-element-28305c4 elementor-widget elementor-widget-heading\" data-id=\"28305c4\" data-element_type=\"widget\" data-e-type=\"widget\" data-widget_type=\"heading.default\">\n\t\t\t\t<div class=\"elementor-widget-container\">\n\t\t\t\t\t<h3 class=\"elementor-heading-title elementor-size-default\">Hier k\u00f6nnen Sie jedes pikante Detail \u00fcber diesen besonderen Wein lesen<\/h3>\t\t\t\t<\/div>\n\t\t\t\t<\/div>\n\t\t\t\t\t<\/div>\n\t\t<\/div>\n\t\t\t\t\t<\/div>\n\t\t<\/section>\n\t\t\t\t<\/div>","protected":false},"excerpt":{"rendered":"<p>Wie unsere Reise begann Von S\u00fcdaustralien in die Schweiz Aufgewachsen in S\u00fcdaustralien, hatte Rob das Gl\u00fcck, von einigen der sch\u00f6nsten Weinberge der Welt umgeben zu sein....<\/p>","protected":false},"author":1,"featured_media":0,"parent":0,"menu_order":0,"comment_status":"closed","ping_status":"closed","template":"","meta":{"footnotes":""},"class_list":["post-3750","page","type-page","status-publish","hentry"],"aioseo_notices":[],"_links":{"self":[{"href":"https:\/\/scutellawines.ch\/de\/wp-json\/wp\/v2\/pages\/3750","targetHints":{"allow":["GET"]}}],"collection":[{"href":"https:\/\/scutellawines.ch\/de\/wp-json\/wp\/v2\/pages"}],"about":[{"href":"https:\/\/scutellawines.ch\/de\/wp-json\/wp\/v2\/types\/page"}],"author":[{"embeddable":true,"href":"https:\/\/scutellawines.ch\/de\/wp-json\/wp\/v2\/users\/1"}],"replies":[{"embeddable":true,"href":"https:\/\/scutellawines.ch\/de\/wp-json\/wp\/v2\/comments?post=3750"}],"version-history":[{"count":494,"href":"https:\/\/scutellawines.ch\/de\/wp-json\/wp\/v2\/pages\/3750\/revisions"}],"predecessor-version":[{"id":23998,"href":"https:\/\/scutellawines.ch\/de\/wp-json\/wp\/v2\/pages\/3750\/revisions\/23998"}],"wp:attachment":[{"href":"https:\/\/scutellawines.ch\/de\/wp-json\/wp\/v2\/media?parent=3750"}],"curies":[{"name":"wp","href":"https:\/\/api.w.org\/{rel}","templated":true}]}}