{"id":23532,"date":"2023-07-02T12:24:01","date_gmt":"2023-07-02T12:24:01","guid":{"rendered":"https:\/\/scutellawines.ch\/?page_id=23532"},"modified":"2023-07-02T18:44:05","modified_gmt":"2023-07-02T18:44:05","slug":"datenschutzbestimmungen-2","status":"publish","type":"page","link":"https:\/\/scutellawines.ch\/de\/return-policy\/","title":{"rendered":"R\u00fcckgabepolitik"},"content":{"rendered":"<div data-elementor-type=\"wp-page\" data-elementor-id=\"23532\" class=\"elementor elementor-23532\" data-elementor-post-type=\"page\">\n\t\t\t\t\t\t<section class=\"elementor-section elementor-top-section elementor-element elementor-element-14829c2 elementor-section-boxed elementor-section-height-default elementor-section-height-default\" data-id=\"14829c2\" data-element_type=\"section\" data-e-type=\"section\">\n\t\t\t\t\t\t<div class=\"elementor-container elementor-column-gap-default\">\n\t\t\t\t\t<div class=\"elementor-column elementor-col-100 elementor-top-column elementor-element elementor-element-320e361\" data-id=\"320e361\" data-element_type=\"column\" data-e-type=\"column\">\n\t\t\t<div class=\"elementor-widget-wrap elementor-element-populated\">\n\t\t\t\t\t\t<div class=\"elementor-element elementor-element-2ab3860 elementor-widget elementor-widget-heading\" data-id=\"2ab3860\" data-element_type=\"widget\" data-e-type=\"widget\" data-widget_type=\"heading.default\">\n\t\t\t\t<div class=\"elementor-widget-container\">\n\t\t\t\t\t<h2 class=\"elementor-heading-title elementor-size-default\">R\u00fcckgabepolitik<\/h2>\t\t\t\t<\/div>\n\t\t\t\t<\/div>\n\t\t\t\t\t<\/div>\n\t\t<\/div>\n\t\t\t\t\t<\/div>\n\t\t<\/section>\n\t\t\t\t<section class=\"elementor-section elementor-top-section elementor-element elementor-element-c253d05 elementor-section-boxed elementor-section-height-default elementor-section-height-default\" data-id=\"c253d05\" data-element_type=\"section\" data-e-type=\"section\">\n\t\t\t\t\t\t<div class=\"elementor-container elementor-column-gap-default\">\n\t\t\t\t\t<div class=\"elementor-column elementor-col-100 elementor-top-column elementor-element elementor-element-aa00ce6\" data-id=\"aa00ce6\" data-element_type=\"column\" data-e-type=\"column\">\n\t\t\t<div class=\"elementor-widget-wrap elementor-element-populated\">\n\t\t\t\t\t\t<div class=\"elementor-element elementor-element-ac6b4e5 elementor-widget elementor-widget-text-editor\" data-id=\"ac6b4e5\" data-element_type=\"widget\" data-e-type=\"widget\" data-widget_type=\"text-editor.default\">\n\t\t\t\t<div class=\"elementor-widget-container\">\n\t\t\t\t\t\t\t\t\t<p>Bei Scutella Wines ist Ihre Zufriedenheit unser oberstes Ziel. Wir sind bestrebt, dass Sie mit Ihrem Kauf vollkommen zufrieden sind. Sollten Sie aus irgendeinem Grund mit Ihrer Bestellung nicht zufrieden sein, haben wir ein unkompliziertes R\u00fcckgaberecht eingerichtet, damit Sie sich keine Sorgen machen m\u00fcssen. Ausf\u00fchrliche Informationen \u00fcber unsere Dienstleistungen finden Sie in unseren Allgemeinen Gesch\u00e4ftsbedingungen.\u00a0<\/p><ol><li>R\u00fcckgabe und Umtausch<\/li><\/ol><p>Wir akzeptieren R\u00fcckgaben und Umtausch innerhalb von 5 Tagen nach dem Kaufdatum. Um f\u00fcr eine R\u00fcckgabe oder einen Umtausch in Frage zu kommen, muss der Artikel unbenutzt sein, sich im Originalzustand befinden und von einem Kaufbeleg begleitet werden.<\/p><ol start=\"2\"><li>R\u00fcckgabeprozess<\/li><\/ol><p>Um eine R\u00fcckgabe oder einen Umtausch zu veranlassen, wenden Sie sich bitte an unser Kundendienstteam unter <a href=\"mailto:info@scutellawines.ch\">info@scutellawines.ch<\/a> oder \u00fcber das Kontaktformular auf unserer Website. Geben Sie Ihre Bestelldaten und den Grund f\u00fcr die R\u00fcckgabe oder den Umtausch an. Die R\u00fccksendung an Scutella Wines erfolgt auf Risiko des Kunden. Der Kunde muss die Ware in der Originalverpackung, zusammen mit jeglichem Zubeh\u00f6r, und mit einer detaillierten Beschreibung der M\u00e4ngel an die von Scutella Wines angegebene R\u00fccksendeadresse zur\u00fccksenden.<\/p><ol start=\"3\"><li>Erstattungen<\/li><\/ol><p>F\u00fcr berechtigte R\u00fccksendungen werden wir innerhalb von 10 Arbeitstagen nach Erhalt und Pr\u00fcfung des zur\u00fcckgesandten Artikels eine R\u00fcckerstattung auf die urspr\u00fcngliche Zahlungsmethode vornehmen. Bitte beachten Sie, dass die Versandkosten nicht erstattet werden k\u00f6nnen und Sie f\u00fcr die R\u00fccksendekosten verantwortlich sind, es sei denn, die R\u00fccksendung ist auf einen Fehler unsererseits oder ein defektes Produkt zur\u00fcckzuf\u00fchren.<\/p><ol start=\"4\"><li>Tauschb\u00f6rsen<\/li><\/ol><p>Wenn Sie einen Artikel umtauschen m\u00f6chten, wenden Sie sich bitte an unser Kundendienstteam. Wir werden Ihnen helfen, den richtigen Ersatz zu finden und Sie durch den Umtauschprozess f\u00fchren. Es k\u00f6nnen zus\u00e4tzliche Geb\u00fchren anfallen, wenn der neue Artikel einen h\u00f6heren Preis hat.<\/p><ol start=\"5\"><li>Besch\u00e4digte oder mangelhafte Artikel<\/li><\/ol><p>Der Kunde ist verpflichtet, die gelieferte Ware sofort nach Erhalt der Lieferung zu pr\u00fcfen und Scutella Wines innerhalb von zwei Tagen nach Lieferung \u00fcber etwaige Sch\u00e4den oder M\u00e4ngel zu informieren, um ein R\u00fcckgaberecht zu erhalten. Wir werden die R\u00fcckgabe oder den Umtausch ohne zus\u00e4tzliche Kosten f\u00fcr Sie veranlassen. Bitte machen Sie genaue Angaben und f\u00fcgen Sie Fotos des besch\u00e4digten oder defekten Artikels bei.\u00a0<\/p><ol start=\"6\"><li>Nicht r\u00fcckgabef\u00e4hige Artikel<\/li><\/ol><p>Bestimmte Artikel k\u00f6nnen aus hygienischen und sicherheitstechnischen Gr\u00fcnden nicht zur\u00fcckgegeben werden, z. B. ge\u00f6ffnete Weinflaschen oder personalisierte Produkte. Bitte lesen Sie die Produktbeschreibung oder kontaktieren Sie unseren Kundenservice f\u00fcr weitere Informationen, bevor Sie einen Kauf t\u00e4tigen.<\/p><ol start=\"7\"><li>Kontakt<\/li><\/ol><p>Wenn Sie Fragen oder Bedenken haben oder Unterst\u00fctzung bei einer R\u00fcckgabe oder einem Umtausch ben\u00f6tigen, wenden Sie sich bitte an unser Kundendienstteam unter <a href=\"mailto:info@scutellawines.ch\">info@scutellawines.ch<\/a> oder \u00fcber das Kontaktformular auf unserer Website.\u00a0<\/p>\t\t\t\t\t\t\t\t<\/div>\n\t\t\t\t<\/div>\n\t\t\t\t\t<\/div>\n\t\t<\/div>\n\t\t\t\t\t<\/div>\n\t\t<\/section>\n\t\t\t\t<\/div>","protected":false},"excerpt":{"rendered":"<p>R\u00fcckgaberecht Bei Scutella Wines ist Ihre Zufriedenheit unsere oberste Priorit\u00e4t. Wir sind bestrebt sicherzustellen, dass Sie mit Ihrem Kauf zufrieden sind. Wenn Sie aus irgendeinem Grund...<\/p>","protected":false},"author":1,"featured_media":0,"parent":0,"menu_order":0,"comment_status":"closed","ping_status":"closed","template":"","meta":{"footnotes":""},"class_list":["post-23532","page","type-page","status-publish","hentry"],"aioseo_notices":[],"_links":{"self":[{"href":"https:\/\/scutellawines.ch\/de\/wp-json\/wp\/v2\/pages\/23532","targetHints":{"allow":["GET"]}}],"collection":[{"href":"https:\/\/scutellawines.ch\/de\/wp-json\/wp\/v2\/pages"}],"about":[{"href":"https:\/\/scutellawines.ch\/de\/wp-json\/wp\/v2\/types\/page"}],"author":[{"embeddable":true,"href":"https:\/\/scutellawines.ch\/de\/wp-json\/wp\/v2\/users\/1"}],"replies":[{"embeddable":true,"href":"https:\/\/scutellawines.ch\/de\/wp-json\/wp\/v2\/comments?post=23532"}],"version-history":[{"count":19,"href":"https:\/\/scutellawines.ch\/de\/wp-json\/wp\/v2\/pages\/23532\/revisions"}],"predecessor-version":[{"id":23555,"href":"https:\/\/scutellawines.ch\/de\/wp-json\/wp\/v2\/pages\/23532\/revisions\/23555"}],"wp:attachment":[{"href":"https:\/\/scutellawines.ch\/de\/wp-json\/wp\/v2\/media?parent=23532"}],"curies":[{"name":"wp","href":"https:\/\/api.w.org\/{rel}","templated":true}]}}